{"id":60,"date":"2020-03-30T08:16:09","date_gmt":"2020-03-30T05:16:09","guid":{"rendered":"https:\/\/themes.muffingroup.com\/be\/mining2\/?page_id=11"},"modified":"2024-01-09T10:46:13","modified_gmt":"2024-01-09T08:46:13","slug":"rolunk","status":"publish","type":"page","link":"https:\/\/woodsense.ro\/ro\/rolunk\/","title":{"rendered":"Despre noi"},"content":{"rendered":"<div data-elementor-type=\"wp-page\" data-elementor-id=\"60\" class=\"elementor elementor-60\" data-elementor-post-type=\"page\">\n\t\t\t\t\t\t<section class=\"elementor-section elementor-top-section elementor-element elementor-element-1a4b7fb elementor-section-stretched elementor-section-boxed elementor-section-height-default elementor-section-height-default\" data-id=\"1a4b7fb\" data-element_type=\"section\" data-settings=\"{&quot;stretch_section&quot;:&quot;section-stretched&quot;}\">\n\t\t\t\t\t\t<div class=\"elementor-container elementor-column-gap-wider\">\n\t\t\t\t\t<div class=\"elementor-column elementor-col-100 elementor-top-column elementor-element elementor-element-478d672\" data-id=\"478d672\" data-element_type=\"column\">\n\t\t\t<div class=\"elementor-widget-wrap elementor-element-populated\">\n\t\t\t\t\t\t<section class=\"elementor-section elementor-inner-section elementor-element elementor-element-a83749e elementor-section-content-top elementor-reverse-mobile elementor-section-boxed elementor-section-height-default elementor-section-height-default\" data-id=\"a83749e\" data-element_type=\"section\">\n\t\t\t\t\t\t<div class=\"elementor-container elementor-column-gap-default\">\n\t\t\t\t\t<div class=\"elementor-column elementor-col-50 elementor-inner-column elementor-element elementor-element-517ddb7\" data-id=\"517ddb7\" data-element_type=\"column\">\n\t\t\t<div class=\"elementor-widget-wrap elementor-element-populated\">\n\t\t\t\t\t\t<div class=\"elementor-element elementor-element-5604e15 elementor-widget elementor-widget-image\" data-id=\"5604e15\" data-element_type=\"widget\" data-widget_type=\"image.default\">\n\t\t\t\t<div class=\"elementor-widget-container\">\n\t\t\t<style>\/*! elementor - v3.20.0 - 13-03-2024 *\/\n.elementor-widget-image{text-align:center}.elementor-widget-image a{display:inline-block}.elementor-widget-image a img[src$=\".svg\"]{width:48px}.elementor-widget-image img{vertical-align:middle;display:inline-block}<\/style>\t\t\t\t\t\t\t\t\t\t<img fetchpriority=\"high\" decoding=\"async\" width=\"1000\" height=\"800\" src=\"https:\/\/woodsense.ro\/wp-content\/uploads\/woodsense_rolunk.webp\" class=\"attachment-full size-full wp-image-3223\" alt=\"\" srcset=\"https:\/\/woodsense.ro\/wp-content\/uploads\/woodsense_rolunk.webp 1000w, https:\/\/woodsense.ro\/wp-content\/uploads\/woodsense_rolunk-500x400.webp 500w, https:\/\/woodsense.ro\/wp-content\/uploads\/woodsense_rolunk-300x240.webp 300w, https:\/\/woodsense.ro\/wp-content\/uploads\/woodsense_rolunk-768x614.webp 768w, https:\/\/woodsense.ro\/wp-content\/uploads\/woodsense_rolunk-15x12.webp 15w, https:\/\/woodsense.ro\/wp-content\/uploads\/woodsense_rolunk-94x75.webp 94w, https:\/\/woodsense.ro\/wp-content\/uploads\/woodsense_rolunk-480x384.webp 480w\" sizes=\"(max-width:767px) 480px, (max-width:1000px) 100vw, 1000px\" \/>\t\t\t\t\t\t\t\t\t\t\t\t\t<\/div>\n\t\t\t\t<\/div>\n\t\t\t\t\t<\/div>\n\t\t<\/div>\n\t\t\t\t<div class=\"elementor-column elementor-col-50 elementor-inner-column elementor-element elementor-element-0c388a1\" data-id=\"0c388a1\" data-element_type=\"column\">\n\t\t\t<div class=\"elementor-widget-wrap elementor-element-populated\">\n\t\t\t\t\t\t<div class=\"elementor-element elementor-element-05297eb elementor-widget elementor-widget-text-editor\" data-id=\"05297eb\" data-element_type=\"widget\" data-widget_type=\"text-editor.default\">\n\t\t\t\t<div class=\"elementor-widget-container\">\n\t\t\t<style>\/*! elementor - v3.20.0 - 13-03-2024 *\/\n.elementor-widget-text-editor.elementor-drop-cap-view-stacked .elementor-drop-cap{background-color:#69727d;color:#fff}.elementor-widget-text-editor.elementor-drop-cap-view-framed .elementor-drop-cap{color:#69727d;border:3px solid;background-color:transparent}.elementor-widget-text-editor:not(.elementor-drop-cap-view-default) .elementor-drop-cap{margin-top:8px}.elementor-widget-text-editor:not(.elementor-drop-cap-view-default) .elementor-drop-cap-letter{width:1em;height:1em}.elementor-widget-text-editor .elementor-drop-cap{float:left;text-align:center;line-height:1;font-size:50px}.elementor-widget-text-editor .elementor-drop-cap-letter{display:inline-block}<\/style>\t\t\t\t<h6 class=\"mining2-heading\">WOODSENSE<\/h6><h3>Despre noi<\/h3>\t\t\t\t\t\t<\/div>\n\t\t\t\t<\/div>\n\t\t\t\t<div class=\"elementor-element elementor-element-6c01c40 elementor-widget elementor-widget-text-editor\" data-id=\"6c01c40\" data-element_type=\"widget\" data-widget_type=\"text-editor.default\">\n\t\t\t\t<div class=\"elementor-widget-container\">\n\t\t\t\t\t\t\t<p><strong>Lemnul are un loc special \u00een via\u021ba noastr\u0103; prin urmare, ar trebui s\u0103 fie tratat \u00een cel mai bun mod posibil, astfel \u00eenc\u00e2t s\u0103 ne putem bucura de el ca parte integrant\u0103 a mediului nostru.<\/strong><\/p><p>Fiind o afacere de familie, este important pentru noi s\u0103 lucr\u0103m cu calitate \u0219i aten\u021bie pentru a crea produse durabile, clasice sau moderne, pentru clien\u021bii no\u0219tri.<\/p>\t\t\t\t\t\t<\/div>\n\t\t\t\t<\/div>\n\t\t\t\t<div class=\"elementor-element elementor-element-8ed71e9 elementor-icon-list--layout-traditional elementor-list-item-link-full_width elementor-widget elementor-widget-icon-list\" data-id=\"8ed71e9\" data-element_type=\"widget\" data-widget_type=\"icon-list.default\">\n\t\t\t\t<div class=\"elementor-widget-container\">\n\t\t\t<link rel=\"stylesheet\" href=\"https:\/\/woodsense.ro\/wp-content\/plugins\/elementor\/assets\/css\/widget-icon-list.min.css\">\t\t<ul class=\"elementor-icon-list-items\">\n\t\t\t\t\t\t\t<li class=\"elementor-icon-list-item\">\n\t\t\t\t\t\t\t\t\t\t\t<span class=\"elementor-icon-list-icon\">\n\t\t\t\t\t\t\t<i aria-hidden=\"true\" class=\"fas fa-chevron-circle-right\"><\/i>\t\t\t\t\t\t<\/span>\n\t\t\t\t\t\t\t\t\t\t<span class=\"elementor-icon-list-text\">Rame pentru u\u0219i \u0219i ferestre<\/span>\n\t\t\t\t\t\t\t\t\t<\/li>\n\t\t\t\t\t\t\t\t<li class=\"elementor-icon-list-item\">\n\t\t\t\t\t\t\t\t\t\t\t<span class=\"elementor-icon-list-icon\">\n\t\t\t\t\t\t\t<i aria-hidden=\"true\" class=\"fas fa-chevron-circle-right\"><\/i>\t\t\t\t\t\t<\/span>\n\t\t\t\t\t\t\t\t\t\t<span class=\"elementor-icon-list-text\">Sc\u0103ri \u0219i sc\u0103ri retractabile<\/span>\n\t\t\t\t\t\t\t\t\t<\/li>\n\t\t\t\t\t\t\t\t<li class=\"elementor-icon-list-item\">\n\t\t\t\t\t\t\t\t\t\t\t<span class=\"elementor-icon-list-icon\">\n\t\t\t\t\t\t\t<i aria-hidden=\"true\" class=\"fas fa-chevron-circle-right\"><\/i>\t\t\t\t\t\t<\/span>\n\t\t\t\t\t\t\t\t\t\t<span class=\"elementor-icon-list-text\">Mobilier personalizat<\/span>\n\t\t\t\t\t\t\t\t\t<\/li>\n\t\t\t\t\t\t<\/ul>\n\t\t\t\t<\/div>\n\t\t\t\t<\/div>\n\t\t\t\t\t<\/div>\n\t\t<\/div>\n\t\t\t\t\t<\/div>\n\t\t<\/section>\n\t\t\t\t<section class=\"elementor-section elementor-inner-section elementor-element elementor-element-d7f9631 elementor-section-content-top elementor-section-boxed elementor-section-height-default elementor-section-height-default\" data-id=\"d7f9631\" data-element_type=\"section\">\n\t\t\t\t\t\t<div class=\"elementor-container elementor-column-gap-default\">\n\t\t\t\t\t<div class=\"elementor-column elementor-col-50 elementor-inner-column elementor-element elementor-element-c71d252\" data-id=\"c71d252\" data-element_type=\"column\">\n\t\t\t<div class=\"elementor-widget-wrap elementor-element-populated\">\n\t\t\t\t\t\t<div class=\"elementor-element elementor-element-d1fd105 elementor-widget elementor-widget-text-editor\" data-id=\"d1fd105\" data-element_type=\"widget\" data-widget_type=\"text-editor.default\">\n\t\t\t\t<div class=\"elementor-widget-container\">\n\t\t\t\t\t\t\t<h6 class=\"mining2-heading\">WOODSENSE<\/h6><h3>Avantajele noastre<\/h3>\t\t\t\t\t\t<\/div>\n\t\t\t\t<\/div>\n\t\t\t\t<div class=\"elementor-element elementor-element-45b08de elementor-widget elementor-widget-text-editor\" data-id=\"45b08de\" data-element_type=\"widget\" data-widget_type=\"text-editor.default\">\n\t\t\t\t<div class=\"elementor-widget-container\">\n\t\t\t\t\t\t\t<p>Calitatea, exigen\u021ba \u0219i precizia execu\u021biei sunt de o importan\u021b\u0103 deosebit\u0103 pentru noi. Lucr\u0103m cu pasiune \u0219i dedicare, pentru a ne asigura c\u0103 produsele noastre finite vor deservi casa ta pentru mul\u021bi ani de acum \u00eencolo.<\/p><p>Oferim servicii complete, inclusiv evaluarea locului, colectarea exact\u0103 a datelor, procesul de proiectare, livrarea \u0219i montajul elementelor.\u00a0<\/p>\t\t\t\t\t\t<\/div>\n\t\t\t\t<\/div>\n\t\t\t\t<div class=\"elementor-element elementor-element-8a1f54e elementor-widget elementor-widget-button\" data-id=\"8a1f54e\" data-element_type=\"widget\" data-widget_type=\"button.default\">\n\t\t\t\t<div class=\"elementor-widget-container\">\n\t\t\t\t\t<div class=\"elementor-button-wrapper\">\n\t\t\t<a class=\"elementor-button elementor-button-link elementor-size-sm\" href=\"https:\/\/woodsense.ro\/ro\/elerhetosegek\/\">\n\t\t\t\t\t\t<span class=\"elementor-button-content-wrapper\">\n\t\t\t\t\t\t<span class=\"elementor-button-text\">Cere ofert\u0103<\/span>\n\t\t<\/span>\n\t\t\t\t\t<\/a>\n\t\t<\/div>\n\t\t\t\t<\/div>\n\t\t\t\t<\/div>\n\t\t\t\t\t<\/div>\n\t\t<\/div>\n\t\t\t\t<div class=\"elementor-column elementor-col-50 elementor-inner-column elementor-element elementor-element-b1f0067\" data-id=\"b1f0067\" data-element_type=\"column\" data-settings=\"{&quot;background_background&quot;:&quot;classic&quot;}\">\n\t\t\t<div class=\"elementor-widget-wrap elementor-element-populated\">\n\t\t\t\t\t\t<div class=\"elementor-element elementor-element-a3da6fe elementor-widget elementor-widget-image\" data-id=\"a3da6fe\" data-element_type=\"widget\" data-widget_type=\"image.default\">\n\t\t\t\t<div class=\"elementor-widget-container\">\n\t\t\t\t\t\t\t\t\t\t\t\t\t<img decoding=\"async\" width=\"1000\" height=\"800\" src=\"https:\/\/woodsense.ro\/wp-content\/uploads\/woodsense_rolunk2.webp\" class=\"attachment-large size-large wp-image-3237\" alt=\"\" srcset=\"https:\/\/woodsense.ro\/wp-content\/uploads\/woodsense_rolunk2.webp 1000w, https:\/\/woodsense.ro\/wp-content\/uploads\/woodsense_rolunk2-500x400.webp 500w, https:\/\/woodsense.ro\/wp-content\/uploads\/woodsense_rolunk2-300x240.webp 300w, https:\/\/woodsense.ro\/wp-content\/uploads\/woodsense_rolunk2-768x614.webp 768w, https:\/\/woodsense.ro\/wp-content\/uploads\/woodsense_rolunk2-15x12.webp 15w, https:\/\/woodsense.ro\/wp-content\/uploads\/woodsense_rolunk2-94x75.webp 94w, https:\/\/woodsense.ro\/wp-content\/uploads\/woodsense_rolunk2-480x384.webp 480w\" sizes=\"(max-width:767px) 480px, (max-width:1000px) 100vw, 1000px\" \/>\t\t\t\t\t\t\t\t\t\t\t\t\t<\/div>\n\t\t\t\t<\/div>\n\t\t\t\t\t<\/div>\n\t\t<\/div>\n\t\t\t\t\t<\/div>\n\t\t<\/section>\n\t\t\t\t\t<\/div>\n\t\t<\/div>\n\t\t\t\t\t<\/div>\n\t\t<\/section>\n\t\t\t\t<\/div>","protected":false},"excerpt":{"rendered":"<p>WOODSENSE R\u00f3lunk A fa k\u00fcl\u00f6nleges helyet t\u00f6lt be az \u00e9let\u00fcnkbe, \u00e9ppen ez\u00e9rt a legjobb b\u00e1n\u00e1sm\u00f3dban kell r\u00e9szes\u00fclj\u00f6n, hogy a k\u00f6rnyezet\u00fcnk szerves r\u00e9szek\u00e9nt \u00e9lm\u00e9nyt ny\u00fajtson. Csal\u00e1di v\u00e1llalkoz\u00e1sk\u00e9nt<span class=\"excerpt-hellip\"> [\u2026]<\/span><\/p>","protected":false},"author":1,"featured_media":0,"parent":0,"menu_order":0,"comment_status":"open","ping_status":"closed","template":"","meta":{"footnotes":""},"class_list":["post-60","page","type-page","status-publish","hentry"],"_links":{"self":[{"href":"https:\/\/woodsense.ro\/ro\/wp-json\/wp\/v2\/pages\/60","targetHints":{"allow":["GET"]}}],"collection":[{"href":"https:\/\/woodsense.ro\/ro\/wp-json\/wp\/v2\/pages"}],"about":[{"href":"https:\/\/woodsense.ro\/ro\/wp-json\/wp\/v2\/types\/page"}],"author":[{"embeddable":true,"href":"https:\/\/woodsense.ro\/ro\/wp-json\/wp\/v2\/users\/1"}],"replies":[{"embeddable":true,"href":"https:\/\/woodsense.ro\/ro\/wp-json\/wp\/v2\/comments?post=60"}],"version-history":[{"count":135,"href":"https:\/\/woodsense.ro\/ro\/wp-json\/wp\/v2\/pages\/60\/revisions"}],"predecessor-version":[{"id":3240,"href":"https:\/\/woodsense.ro\/ro\/wp-json\/wp\/v2\/pages\/60\/revisions\/3240"}],"wp:attachment":[{"href":"https:\/\/woodsense.ro\/ro\/wp-json\/wp\/v2\/media?parent=60"}],"curies":[{"name":"wp","href":"https:\/\/api.w.org\/{rel}","templated":true}]}}