{"id":394,"date":"2020-03-30T08:16:21","date_gmt":"2020-03-30T05:16:21","guid":{"rendered":"https:\/\/themes.muffingroup.com\/be\/mining2\/?page_id=13"},"modified":"2024-01-09T10:02:28","modified_gmt":"2024-01-09T08:02:28","slug":"munkalehetoseg","status":"publish","type":"page","link":"https:\/\/woodsense.ro\/ro\/munkalehetoseg\/","title":{"rendered":"Carier\u0103"},"content":{"rendered":"<div data-elementor-type=\"wp-page\" data-elementor-id=\"394\" class=\"elementor elementor-394\" data-elementor-post-type=\"page\">\n\t\t\t\t\t\t<section class=\"elementor-section elementor-top-section elementor-element elementor-element-4a90ead elementor-section-stretched elementor-section-boxed elementor-section-height-default elementor-section-height-default\" data-id=\"4a90ead\" data-element_type=\"section\" data-settings=\"{&quot;stretch_section&quot;:&quot;section-stretched&quot;}\">\n\t\t\t\t\t\t<div class=\"elementor-container elementor-column-gap-wider\">\n\t\t\t\t\t<div class=\"elementor-column elementor-col-100 elementor-top-column elementor-element elementor-element-2dd6724\" data-id=\"2dd6724\" data-element_type=\"column\">\n\t\t\t<div class=\"elementor-widget-wrap elementor-element-populated\">\n\t\t\t\t\t\t<section class=\"elementor-section elementor-inner-section elementor-element elementor-element-ee6cce7 elementor-section-content-top elementor-section-boxed elementor-section-height-default elementor-section-height-default\" data-id=\"ee6cce7\" data-element_type=\"section\">\n\t\t\t\t\t\t<div class=\"elementor-container elementor-column-gap-default\">\n\t\t\t\t\t<div class=\"elementor-column elementor-col-50 elementor-inner-column elementor-element elementor-element-23cf023\" data-id=\"23cf023\" data-element_type=\"column\">\n\t\t\t<div class=\"elementor-widget-wrap elementor-element-populated\">\n\t\t\t\t\t\t<div class=\"elementor-element elementor-element-dba04d0 elementor-widget elementor-widget-text-editor\" data-id=\"dba04d0\" data-element_type=\"widget\" data-widget_type=\"text-editor.default\">\n\t\t\t\t<div class=\"elementor-widget-container\">\n\t\t\t<style>\/*! elementor - v3.20.0 - 13-03-2024 *\/\n.elementor-widget-text-editor.elementor-drop-cap-view-stacked .elementor-drop-cap{background-color:#69727d;color:#fff}.elementor-widget-text-editor.elementor-drop-cap-view-framed .elementor-drop-cap{color:#69727d;border:3px solid;background-color:transparent}.elementor-widget-text-editor:not(.elementor-drop-cap-view-default) .elementor-drop-cap{margin-top:8px}.elementor-widget-text-editor:not(.elementor-drop-cap-view-default) .elementor-drop-cap-letter{width:1em;height:1em}.elementor-widget-text-editor .elementor-drop-cap{float:left;text-align:center;line-height:1;font-size:50px}.elementor-widget-text-editor .elementor-drop-cap-letter{display:inline-block}<\/style>\t\t\t\t<h6 class=\"mining2-heading\">De ce Woodsense?<\/h6>\n<h3>Al\u0103tur\u0103-te echipei noastre!<\/h3>\t\t\t\t\t\t<\/div>\n\t\t\t\t<\/div>\n\t\t\t\t<div class=\"elementor-element elementor-element-84db7da elementor-widget elementor-widget-text-editor\" data-id=\"84db7da\" data-element_type=\"widget\" data-widget_type=\"text-editor.default\">\n\t\t\t\t<div class=\"elementor-widget-container\">\n\t\t\t\t\t\t\t<p>Echipa noastr\u0103 este \u00een continu\u0103 cre\u0219tere! Ne-ar pl\u0103cea s\u0103 ne contactezi dac\u0103 \u00eemp\u0103rt\u0103\u0219e\u0219ti aceea\u0219i pasiune \u0219i dedicare pentru a lucra cu lemnul \u0219i a crea produse unice \u0219i elegante, la comand\u0103. E\u0219ti genul nostru de persoan\u0103 dac\u0103 nu te temi de o provocare, g\u00e2nde\u0219ti creativ, \u00ee\u021bi place s\u0103 lucrezi \u00een echip\u0103 \u0219i, bine\u00een\u021beles, prelucrarea lemnului este pasiunea ta.<\/p>\n<p>Ceea ce \u00ee\u021bi promitem este un mediu de lucru pl\u0103cut, o echip\u0103 unit\u0103, salarii competitive \u0219i un loc de munc\u0103 stabil.<\/p>\t\t\t\t\t\t<\/div>\n\t\t\t\t<\/div>\n\t\t\t\t<div class=\"elementor-element elementor-element-da6259a elementor-widget elementor-widget-button\" data-id=\"da6259a\" data-element_type=\"widget\" data-widget_type=\"button.default\">\n\t\t\t\t<div class=\"elementor-widget-container\">\n\t\t\t\t\t<div class=\"elementor-button-wrapper\">\n\t\t\t<a class=\"elementor-button elementor-button-link elementor-size-sm\" href=\"https:\/\/woodsense.ro\/ro\/elerhetosegek\/\">\n\t\t\t\t\t\t<span class=\"elementor-button-content-wrapper\">\n\t\t\t\t\t\t<span class=\"elementor-button-text\">Aplic\u0103!<\/span>\n\t\t<\/span>\n\t\t\t\t\t<\/a>\n\t\t<\/div>\n\t\t\t\t<\/div>\n\t\t\t\t<\/div>\n\t\t\t\t\t<\/div>\n\t\t<\/div>\n\t\t\t\t<div class=\"elementor-column elementor-col-50 elementor-inner-column elementor-element elementor-element-42c4190\" data-id=\"42c4190\" data-element_type=\"column\">\n\t\t\t<div class=\"elementor-widget-wrap elementor-element-populated\">\n\t\t\t\t\t\t<div class=\"elementor-element elementor-element-7f9a2ba elementor-widget elementor-widget-image\" data-id=\"7f9a2ba\" data-element_type=\"widget\" data-widget_type=\"image.default\">\n\t\t\t\t<div class=\"elementor-widget-container\">\n\t\t\t<style>\/*! elementor - v3.20.0 - 13-03-2024 *\/\n.elementor-widget-image{text-align:center}.elementor-widget-image a{display:inline-block}.elementor-widget-image a img[src$=\".svg\"]{width:48px}.elementor-widget-image img{vertical-align:middle;display:inline-block}<\/style>\t\t\t\t\t\t\t\t\t\t<img fetchpriority=\"high\" decoding=\"async\" width=\"1000\" height=\"800\" src=\"https:\/\/woodsense.ro\/wp-content\/uploads\/woodsense_munkalehetoseg_k.webp\" class=\"attachment-large size-large wp-image-3230\" alt=\"\" srcset=\"https:\/\/woodsense.ro\/wp-content\/uploads\/woodsense_munkalehetoseg_k.webp 1000w, https:\/\/woodsense.ro\/wp-content\/uploads\/woodsense_munkalehetoseg_k-500x400.webp 500w, https:\/\/woodsense.ro\/wp-content\/uploads\/woodsense_munkalehetoseg_k-300x240.webp 300w, https:\/\/woodsense.ro\/wp-content\/uploads\/woodsense_munkalehetoseg_k-768x614.webp 768w, https:\/\/woodsense.ro\/wp-content\/uploads\/woodsense_munkalehetoseg_k-15x12.webp 15w, https:\/\/woodsense.ro\/wp-content\/uploads\/woodsense_munkalehetoseg_k-94x75.webp 94w, https:\/\/woodsense.ro\/wp-content\/uploads\/woodsense_munkalehetoseg_k-480x384.webp 480w\" sizes=\"(max-width:767px) 480px, (max-width:1000px) 100vw, 1000px\" \/>\t\t\t\t\t\t\t\t\t\t\t\t\t<\/div>\n\t\t\t\t<\/div>\n\t\t\t\t\t<\/div>\n\t\t<\/div>\n\t\t\t\t\t<\/div>\n\t\t<\/section>\n\t\t\t\t\t<\/div>\n\t\t<\/div>\n\t\t\t\t\t<\/div>\n\t\t<\/section>\n\t\t\t\t<\/div>","protected":false},"excerpt":{"rendered":"<p>Mi\u00e9rt a Woodsense? L\u00e9gy csapatunk tagja! Csapatunk folyamatosan b\u0151v\u00fcl! Szeretettel v\u00e1rjuk jelentkez\u00e9sed, ha te is hasonl\u00f3 szenved\u00e9llyel \u00e9s odaad\u00e1ssal munk\u00e1ln\u00e1d meg a f\u00e1t \u00e9s k\u00e9sz\u00edten\u00e9l bel\u0151le<span class=\"excerpt-hellip\"> [\u2026]<\/span><\/p>","protected":false},"author":1,"featured_media":0,"parent":0,"menu_order":0,"comment_status":"open","ping_status":"closed","template":"","meta":{"footnotes":""},"class_list":["post-394","page","type-page","status-publish","hentry"],"_links":{"self":[{"href":"https:\/\/woodsense.ro\/ro\/wp-json\/wp\/v2\/pages\/394","targetHints":{"allow":["GET"]}}],"collection":[{"href":"https:\/\/woodsense.ro\/ro\/wp-json\/wp\/v2\/pages"}],"about":[{"href":"https:\/\/woodsense.ro\/ro\/wp-json\/wp\/v2\/types\/page"}],"author":[{"embeddable":true,"href":"https:\/\/woodsense.ro\/ro\/wp-json\/wp\/v2\/users\/1"}],"replies":[{"embeddable":true,"href":"https:\/\/woodsense.ro\/ro\/wp-json\/wp\/v2\/comments?post=394"}],"version-history":[{"count":85,"href":"https:\/\/woodsense.ro\/ro\/wp-json\/wp\/v2\/pages\/394\/revisions"}],"predecessor-version":[{"id":3236,"href":"https:\/\/woodsense.ro\/ro\/wp-json\/wp\/v2\/pages\/394\/revisions\/3236"}],"wp:attachment":[{"href":"https:\/\/woodsense.ro\/ro\/wp-json\/wp\/v2\/media?parent=394"}],"curies":[{"name":"wp","href":"https:\/\/api.w.org\/{rel}","templated":true}]}}