{"id":2698,"date":"2023-10-30T10:02:55","date_gmt":"2023-10-30T08:02:55","guid":{"rendered":"https:\/\/woodsense.ro\/?page_id=2698"},"modified":"2023-11-10T11:15:55","modified_gmt":"2023-11-10T09:15:55","slug":"erkelyajto","status":"publish","type":"page","link":"https:\/\/woodsense.ro\/ro\/erkelyajto\/","title":{"rendered":"U\u0219i de balcon"},"content":{"rendered":"<div data-elementor-type=\"wp-page\" data-elementor-id=\"2698\" class=\"elementor elementor-2698\" data-elementor-post-type=\"page\">\n\t\t\t\t<div class=\"elementor-element elementor-element-411fbd5d e-flex e-con-boxed e-con e-parent\" data-id=\"411fbd5d\" data-element_type=\"container\" data-core-v316-plus=\"true\">\n\t\t\t\t\t<div class=\"e-con-inner\">\n\t\t\t\t<div class=\"elementor-element elementor-element-60d58567 elementor-widget__width-initial elementor-widget elementor-widget-image\" data-id=\"60d58567\" data-element_type=\"widget\" data-widget_type=\"image.default\">\n\t\t\t\t<div class=\"elementor-widget-container\">\n\t\t\t<style>\/*! elementor - v3.20.0 - 13-03-2024 *\/\n.elementor-widget-image{text-align:center}.elementor-widget-image a{display:inline-block}.elementor-widget-image a img[src$=\".svg\"]{width:48px}.elementor-widget-image img{vertical-align:middle;display:inline-block}<\/style>\t\t\t\t\t\t\t\t\t\t<img fetchpriority=\"high\" decoding=\"async\" width=\"500\" height=\"400\" src=\"https:\/\/woodsense.ro\/wp-content\/uploads\/usa-glisanta-500x400.jpg\" class=\"attachment-medium size-medium wp-image-2006\" alt=\"\" srcset=\"https:\/\/woodsense.ro\/wp-content\/uploads\/usa-glisanta-500x400.jpg 500w, https:\/\/woodsense.ro\/wp-content\/uploads\/usa-glisanta-300x240.jpg 300w, https:\/\/woodsense.ro\/wp-content\/uploads\/usa-glisanta-768x614.jpg 768w, https:\/\/woodsense.ro\/wp-content\/uploads\/usa-glisanta-15x12.jpg 15w, https:\/\/woodsense.ro\/wp-content\/uploads\/usa-glisanta-94x75.jpg 94w, https:\/\/woodsense.ro\/wp-content\/uploads\/usa-glisanta-480x384.jpg 480w, https:\/\/woodsense.ro\/wp-content\/uploads\/usa-glisanta.jpg 1000w\" sizes=\"(max-width:767px) 480px, 500px\" \/>\t\t\t\t\t\t\t\t\t\t\t\t\t<\/div>\n\t\t\t\t<\/div>\n\t\t\t\t<div class=\"elementor-element elementor-element-69a71c36 elementor-widget__width-initial elementor-widget elementor-widget-text-editor\" data-id=\"69a71c36\" data-element_type=\"widget\" data-widget_type=\"text-editor.default\">\n\t\t\t\t<div class=\"elementor-widget-container\">\n\t\t\t<style>\/*! elementor - v3.20.0 - 13-03-2024 *\/\n.elementor-widget-text-editor.elementor-drop-cap-view-stacked .elementor-drop-cap{background-color:#69727d;color:#fff}.elementor-widget-text-editor.elementor-drop-cap-view-framed .elementor-drop-cap{color:#69727d;border:3px solid;background-color:transparent}.elementor-widget-text-editor:not(.elementor-drop-cap-view-default) .elementor-drop-cap{margin-top:8px}.elementor-widget-text-editor:not(.elementor-drop-cap-view-default) .elementor-drop-cap-letter{width:1em;height:1em}.elementor-widget-text-editor .elementor-drop-cap{float:left;text-align:center;line-height:1;font-size:50px}.elementor-widget-text-editor .elementor-drop-cap-letter{display:inline-block}<\/style>\t\t\t\t<p>Datorit\u0103 suprafe\u021belor uria\u0219e de sticl\u0103, locuin\u021ba dumneavoastr\u0103 se va transforma \u00eentr-o cas\u0103 luminoas\u0103 \u0219i plin\u0103 de soare. Ve\u021bi fi mai aproape de natur\u0103, bucur\u00e2ndu-v\u0103 \u00een acela\u0219i timp de lini\u0219tea casei dumneavoastr\u0103 al\u0103turi de familie. Datorit\u0103 feroneriei speciale, \u00een ciuda dimensiunilor uria\u0219e, mi\u0219carea foilor u\u0219ilor de teras\u0103 necesit\u0103 o cantitate mic\u0103 de for\u021b\u0103.<\/p>\t\t\t\t\t\t<\/div>\n\t\t\t\t<\/div>\n\t\t<div class=\"elementor-element elementor-element-6a450a98 e-con-full e-flex e-con e-parent\" data-id=\"6a450a98\" data-element_type=\"container\" data-core-v316-plus=\"true\">\n\t\t\t\t<div class=\"elementor-element elementor-element-55be8dd elementor-widget elementor-widget-heading\" data-id=\"55be8dd\" data-element_type=\"widget\" data-widget_type=\"heading.default\">\n\t\t\t\t<div class=\"elementor-widget-container\">\n\t\t\t<style>\/*! elementor - v3.20.0 - 13-03-2024 *\/\n.elementor-heading-title{padding:0;margin:0;line-height:1}.elementor-widget-heading .elementor-heading-title[class*=elementor-size-]>a{color:inherit;font-size:inherit;line-height:inherit}.elementor-widget-heading .elementor-heading-title.elementor-size-small{font-size:15px}.elementor-widget-heading .elementor-heading-title.elementor-size-medium{font-size:19px}.elementor-widget-heading .elementor-heading-title.elementor-size-large{font-size:29px}.elementor-widget-heading .elementor-heading-title.elementor-size-xl{font-size:39px}.elementor-widget-heading .elementor-heading-title.elementor-size-xxl{font-size:59px}<\/style><h3 class=\"elementor-heading-title elementor-size-default\">Alege\u021bi dintre urm\u0103toarele tipuri<\/h3>\t\t<\/div>\n\t\t\t\t<\/div>\n\t\t\t\t<\/div>\n\t\t\t\t\t<\/div>\n\t\t\t\t<\/div>\n\t\t<div class=\"elementor-element elementor-element-31cd7e4c e-flex e-con-boxed e-con e-parent\" data-id=\"31cd7e4c\" data-element_type=\"container\" data-core-v316-plus=\"true\">\n\t\t\t\t\t<div class=\"e-con-inner\">\n\t\t<div class=\"elementor-element elementor-element-7e832091 e-flex e-con-boxed e-con e-parent\" data-id=\"7e832091\" data-element_type=\"container\" data-core-v316-plus=\"true\">\n\t\t\t\t\t<div class=\"e-con-inner\">\n\t\t\t\t<div class=\"elementor-element elementor-element-167fffe8 elementor-position-top elementor-widget elementor-widget-image-box\" data-id=\"167fffe8\" data-element_type=\"widget\" data-widget_type=\"image-box.default\">\n\t\t\t\t<div class=\"elementor-widget-container\">\n\t\t\t<style>\/*! elementor - v3.20.0 - 13-03-2024 *\/\n.elementor-widget-image-box .elementor-image-box-content{width:100%}@media (min-width:768px){.elementor-widget-image-box.elementor-position-left .elementor-image-box-wrapper,.elementor-widget-image-box.elementor-position-right .elementor-image-box-wrapper{display:flex}.elementor-widget-image-box.elementor-position-right .elementor-image-box-wrapper{text-align:right;flex-direction:row-reverse}.elementor-widget-image-box.elementor-position-left .elementor-image-box-wrapper{text-align:left;flex-direction:row}.elementor-widget-image-box.elementor-position-top .elementor-image-box-img{margin:auto}.elementor-widget-image-box.elementor-vertical-align-top .elementor-image-box-wrapper{align-items:flex-start}.elementor-widget-image-box.elementor-vertical-align-middle .elementor-image-box-wrapper{align-items:center}.elementor-widget-image-box.elementor-vertical-align-bottom .elementor-image-box-wrapper{align-items:flex-end}}@media (max-width:767px){.elementor-widget-image-box .elementor-image-box-img{margin-left:auto!important;margin-right:auto!important;margin-bottom:15px}}.elementor-widget-image-box .elementor-image-box-img{display:inline-block}.elementor-widget-image-box .elementor-image-box-title a{color:inherit}.elementor-widget-image-box .elementor-image-box-wrapper{text-align:center}.elementor-widget-image-box .elementor-image-box-description{margin:0}<\/style><div class=\"elementor-image-box-wrapper\"><figure class=\"elementor-image-box-img\"><img decoding=\"async\" width=\"1000\" height=\"800\" src=\"https:\/\/woodsense.ro\/wp-content\/uploads\/alu-lemn.jpg\" class=\"attachment-full size-full wp-image-1609\" alt=\"\" srcset=\"https:\/\/woodsense.ro\/wp-content\/uploads\/alu-lemn.jpg 1000w, https:\/\/woodsense.ro\/wp-content\/uploads\/alu-lemn-500x400.jpg 500w, https:\/\/woodsense.ro\/wp-content\/uploads\/alu-lemn-300x240.jpg 300w, https:\/\/woodsense.ro\/wp-content\/uploads\/alu-lemn-768x614.jpg 768w, https:\/\/woodsense.ro\/wp-content\/uploads\/alu-lemn-15x12.jpg 15w, https:\/\/woodsense.ro\/wp-content\/uploads\/alu-lemn-94x75.jpg 94w, https:\/\/woodsense.ro\/wp-content\/uploads\/alu-lemn-480x384.jpg 480w\" sizes=\"(max-width:767px) 480px, (max-width:1000px) 100vw, 1000px\" \/><\/figure><div class=\"elementor-image-box-content\"><h4 class=\"elementor-image-box-title\">Ridicare - Glisare<\/h4><p class=\"elementor-image-box-description\">Pute\u021bi \u00eenlocui un perete \u00eentreg cu acest tip de u\u0219\u0103 de balcon. Un mare avantaj este c\u0103 partea de prag asigur\u0103 o trecere f\u0103r\u0103 \u00eempiedic\u0103ri.<\/p><\/div><\/div>\t\t<\/div>\n\t\t\t\t<\/div>\n\t\t\t\t\t<\/div>\n\t\t\t\t<\/div>\n\t\t<div class=\"elementor-element elementor-element-980c02 e-flex e-con-boxed e-con e-parent\" data-id=\"980c02\" data-element_type=\"container\" data-core-v316-plus=\"true\">\n\t\t\t\t\t<div class=\"e-con-inner\">\n\t\t\t\t<div class=\"elementor-element elementor-element-3e7923dd elementor-position-top elementor-widget elementor-widget-image-box\" data-id=\"3e7923dd\" data-element_type=\"widget\" data-widget_type=\"image-box.default\">\n\t\t\t\t<div class=\"elementor-widget-container\">\n\t\t\t<div class=\"elementor-image-box-wrapper\"><figure class=\"elementor-image-box-img\"><img decoding=\"async\" width=\"1000\" height=\"800\" src=\"https:\/\/woodsense.ro\/wp-content\/uploads\/usi-de-balcon-2.jpg\" class=\"attachment-full size-full wp-image-2705\" alt=\"\" srcset=\"https:\/\/woodsense.ro\/wp-content\/uploads\/usi-de-balcon-2.jpg 1000w, https:\/\/woodsense.ro\/wp-content\/uploads\/usi-de-balcon-2-500x400.jpg 500w, https:\/\/woodsense.ro\/wp-content\/uploads\/usi-de-balcon-2-300x240.jpg 300w, https:\/\/woodsense.ro\/wp-content\/uploads\/usi-de-balcon-2-768x614.jpg 768w, https:\/\/woodsense.ro\/wp-content\/uploads\/usi-de-balcon-2-15x12.jpg 15w, https:\/\/woodsense.ro\/wp-content\/uploads\/usi-de-balcon-2-94x75.jpg 94w, https:\/\/woodsense.ro\/wp-content\/uploads\/usi-de-balcon-2-480x384.jpg 480w\" sizes=\"(max-width:767px) 480px, (max-width:1000px) 100vw, 1000px\" \/><\/figure><div class=\"elementor-image-box-content\"><h4 class=\"elementor-image-box-title\">Rabatare - Glisare<\/h4><p class=\"elementor-image-box-description\">Avantajul este c\u0103 ventila\u021bia poate fi realizat\u0103 f\u0103r\u0103 a deschide u\u0219a. Datorit\u0103 unei balamale speciale, chiar \u0219i suprafe\u021bele mari pot fi mi\u0219cate cu o singur\u0103 m\u00e2n\u0103.<\/p><\/div><\/div>\t\t<\/div>\n\t\t\t\t<\/div>\n\t\t\t\t\t<\/div>\n\t\t\t\t<\/div>\n\t\t<div class=\"elementor-element elementor-element-4f0276c8 e-flex e-con-boxed e-con e-parent\" data-id=\"4f0276c8\" data-element_type=\"container\" data-core-v316-plus=\"true\">\n\t\t\t\t\t<div class=\"e-con-inner\">\n\t\t\t\t<div class=\"elementor-element elementor-element-62b4fc7c elementor-position-top elementor-widget elementor-widget-image-box\" data-id=\"62b4fc7c\" data-element_type=\"widget\" data-widget_type=\"image-box.default\">\n\t\t\t\t<div class=\"elementor-widget-container\">\n\t\t\t<div class=\"elementor-image-box-wrapper\"><figure class=\"elementor-image-box-img\"><img loading=\"lazy\" decoding=\"async\" width=\"1000\" height=\"800\" src=\"https:\/\/woodsense.ro\/wp-content\/uploads\/use-de-balcon.jpg\" class=\"attachment-full size-full wp-image-2704\" alt=\"\" srcset=\"https:\/\/woodsense.ro\/wp-content\/uploads\/use-de-balcon.jpg 1000w, https:\/\/woodsense.ro\/wp-content\/uploads\/use-de-balcon-500x400.jpg 500w, https:\/\/woodsense.ro\/wp-content\/uploads\/use-de-balcon-300x240.jpg 300w, https:\/\/woodsense.ro\/wp-content\/uploads\/use-de-balcon-768x614.jpg 768w, https:\/\/woodsense.ro\/wp-content\/uploads\/use-de-balcon-15x12.jpg 15w, https:\/\/woodsense.ro\/wp-content\/uploads\/use-de-balcon-94x75.jpg 94w, https:\/\/woodsense.ro\/wp-content\/uploads\/use-de-balcon-480x384.jpg 480w\" sizes=\"(max-width:767px) 480px, (max-width:1000px) 100vw, 1000px\" \/><\/figure><div class=\"elementor-image-box-content\"><h4 class=\"elementor-image-box-title\"> U\u0219\u0103 de balcon tradi\u021bional\u0103 cu rabatare-deschidere \u0219i fix\u0103<\/h4><p class=\"elementor-image-box-description\">Pentru structuri mai mici, alege\u021bi solu\u021bia mai simpl\u0103. De asemenea, oferim aceste u\u0219i cu prag mic pentru un acces mai comod.<\/p><\/div><\/div>\t\t<\/div>\n\t\t\t\t<\/div>\n\t\t\t\t\t<\/div>\n\t\t\t\t<\/div>\n\t\t\t\t\t<\/div>\n\t\t\t\t<\/div>\n\t\t<div class=\"elementor-element elementor-element-3c0b87b0 e-grid e-con-boxed e-con e-parent\" data-id=\"3c0b87b0\" data-element_type=\"container\" id=\"armonica\" data-core-v316-plus=\"true\">\n\t\t\t\t\t<div class=\"e-con-inner\">\n\t\t\t\t<div class=\"elementor-element elementor-element-1b076eb6 elementor-widget elementor-widget-text-editor\" data-id=\"1b076eb6\" data-element_type=\"widget\" data-widget_type=\"text-editor.default\">\n\t\t\t\t<div class=\"elementor-widget-container\">\n\t\t\t\t\t\t\t<h3>U\u0219\u0103 de balcon tip armonic\u0103<\/h3><p>V\u0103 putem face cu u\u0219urin\u021b\u0103 s\u0103 dori\u021bi ca \u00eentreaga suprafa\u021b\u0103 de sticl\u0103 s\u0103 fie complet deschis\u0103, transform\u00e2ndu-v\u0103 camera de zi \u00eentr-o teras\u0103! Dac\u0103 nu dori\u021bi s\u0103 folosi\u021bi \u00eentotdeauna caracteristica acordeon, ave\u021bi posibilitatea de a folosi una dintre u\u0219i drept u\u0219\u0103 rabatabil\u0103 \u2013 cu deschidere simpl\u0103, ceea ce faciliteaz\u0103 accesul.<\/p>\t\t\t\t\t\t<\/div>\n\t\t\t\t<\/div>\n\t\t\t\t<div class=\"elementor-element elementor-element-79b507d6 elementor-widget elementor-widget-image\" data-id=\"79b507d6\" data-element_type=\"widget\" data-widget_type=\"image.default\">\n\t\t\t\t<div class=\"elementor-widget-container\">\n\t\t\t\t\t\t\t\t\t\t\t\t\t<img loading=\"lazy\" decoding=\"async\" width=\"1000\" height=\"800\" src=\"https:\/\/woodsense.ro\/wp-content\/uploads\/usa-de-balcon-tip-armonica.jpg\" class=\"attachment-large size-large wp-image-1642\" alt=\"\" srcset=\"https:\/\/woodsense.ro\/wp-content\/uploads\/usa-de-balcon-tip-armonica.jpg 1000w, https:\/\/woodsense.ro\/wp-content\/uploads\/usa-de-balcon-tip-armonica-500x400.jpg 500w, https:\/\/woodsense.ro\/wp-content\/uploads\/usa-de-balcon-tip-armonica-300x240.jpg 300w, https:\/\/woodsense.ro\/wp-content\/uploads\/usa-de-balcon-tip-armonica-768x614.jpg 768w, https:\/\/woodsense.ro\/wp-content\/uploads\/usa-de-balcon-tip-armonica-15x12.jpg 15w, https:\/\/woodsense.ro\/wp-content\/uploads\/usa-de-balcon-tip-armonica-94x75.jpg 94w, https:\/\/woodsense.ro\/wp-content\/uploads\/usa-de-balcon-tip-armonica-480x384.jpg 480w\" sizes=\"(max-width:767px) 480px, (max-width:1000px) 100vw, 1000px\" \/>\t\t\t\t\t\t\t\t\t\t\t\t\t<\/div>\n\t\t\t\t<\/div>\n\t\t\t\t\t<\/div>\n\t\t\t\t<\/div>\n\t\t\t\t<\/div>","protected":false},"excerpt":{"rendered":"<p>A hatalmas \u00fcvegfel\u00fcleteknek k\u00f6sz\u00f6nhet\u0151en otthona napf\u00e9nyes, vil\u00e1gos otthona v\u00e1ltozik. K\u00f6zelebb ker\u00fcl a term\u00e9szethez, mik\u00f6zben csal\u00e1dj\u00e1val az otthonuk nyugalm\u00e1t \u00e9lvezi. A speci\u00e1lis vasalatoknak k\u00f6sz\u00f6nhet\u0151en a hatalmas m\u00e9retek<span class=\"excerpt-hellip\"> [\u2026]<\/span><\/p>","protected":false},"author":1,"featured_media":0,"parent":0,"menu_order":0,"comment_status":"closed","ping_status":"closed","template":"elementor_header_footer","meta":{"footnotes":""},"class_list":["post-2698","page","type-page","status-publish","hentry"],"_links":{"self":[{"href":"https:\/\/woodsense.ro\/ro\/wp-json\/wp\/v2\/pages\/2698","targetHints":{"allow":["GET"]}}],"collection":[{"href":"https:\/\/woodsense.ro\/ro\/wp-json\/wp\/v2\/pages"}],"about":[{"href":"https:\/\/woodsense.ro\/ro\/wp-json\/wp\/v2\/types\/page"}],"author":[{"embeddable":true,"href":"https:\/\/woodsense.ro\/ro\/wp-json\/wp\/v2\/users\/1"}],"replies":[{"embeddable":true,"href":"https:\/\/woodsense.ro\/ro\/wp-json\/wp\/v2\/comments?post=2698"}],"version-history":[{"count":16,"href":"https:\/\/woodsense.ro\/ro\/wp-json\/wp\/v2\/pages\/2698\/revisions"}],"predecessor-version":[{"id":2893,"href":"https:\/\/woodsense.ro\/ro\/wp-json\/wp\/v2\/pages\/2698\/revisions\/2893"}],"wp:attachment":[{"href":"https:\/\/woodsense.ro\/ro\/wp-json\/wp\/v2\/media?parent=2698"}],"curies":[{"name":"wp","href":"https:\/\/api.w.org\/{rel}","templated":true}]}}