{"id":2083,"date":"2023-09-29T14:50:56","date_gmt":"2023-09-29T11:50:56","guid":{"rendered":"https:\/\/woodsense.ro\/?page_id=2083"},"modified":"2023-11-10T11:15:46","modified_gmt":"2023-11-10T09:15:46","slug":"butorok","status":"publish","type":"page","link":"https:\/\/woodsense.ro\/ro\/butorok\/","title":{"rendered":"Mobilier"},"content":{"rendered":"<div data-elementor-type=\"wp-page\" data-elementor-id=\"2083\" class=\"elementor elementor-2083\" data-elementor-post-type=\"page\">\n\t\t\t\t<div class=\"elementor-element elementor-element-d95e5ef e-flex e-con-boxed e-con e-parent\" data-id=\"d95e5ef\" data-element_type=\"container\" data-core-v316-plus=\"true\">\n\t\t\t\t\t<div class=\"e-con-inner\">\n\t\t\t\t<div class=\"elementor-element elementor-element-f2bf72f elementor-widget elementor-widget-heading\" data-id=\"f2bf72f\" data-element_type=\"widget\" data-widget_type=\"heading.default\">\n\t\t\t\t<div class=\"elementor-widget-container\">\n\t\t\t<style>\/*! elementor - v3.20.0 - 13-03-2024 *\/\n.elementor-heading-title{padding:0;margin:0;line-height:1}.elementor-widget-heading .elementor-heading-title[class*=elementor-size-]>a{color:inherit;font-size:inherit;line-height:inherit}.elementor-widget-heading .elementor-heading-title.elementor-size-small{font-size:15px}.elementor-widget-heading .elementor-heading-title.elementor-size-medium{font-size:19px}.elementor-widget-heading .elementor-heading-title.elementor-size-large{font-size:29px}.elementor-widget-heading .elementor-heading-title.elementor-size-xl{font-size:39px}.elementor-widget-heading .elementor-heading-title.elementor-size-xxl{font-size:59px}<\/style><h4 class=\"elementor-heading-title elementor-size-default\">Mobilier de buc\u0103t\u0103rie exclusivist proiectat la comand\u0103<\/h4>\t\t<\/div>\n\t\t\t\t<\/div>\n\t\t\t\t\t<\/div>\n\t\t\t\t<\/div>\n\t\t<div class=\"elementor-element elementor-element-7e95e5c1 e-grid e-con-boxed e-con e-parent\" data-id=\"7e95e5c1\" data-element_type=\"container\" data-core-v316-plus=\"true\">\n\t\t\t\t\t<div class=\"e-con-inner\">\n\t\t\t\t<div class=\"elementor-element elementor-element-7467a96 elementor-widget elementor-widget-image-gallery\" data-id=\"7467a96\" data-element_type=\"widget\" data-widget_type=\"image-gallery.default\">\n\t\t\t\t<div class=\"elementor-widget-container\">\n\t\t\t<style>\/*! elementor - v3.20.0 - 13-03-2024 *\/\n.elementor-image-gallery .gallery-item{display:inline-block;text-align:center;vertical-align:top;width:100%;max-width:100%;margin:0 auto}.elementor-image-gallery .gallery-item img{margin:0 auto}.elementor-image-gallery .gallery-item .gallery-caption{margin:0}.elementor-image-gallery figure img{display:block}.elementor-image-gallery figure figcaption{width:100%}.gallery-spacing-custom .elementor-image-gallery .gallery-icon{padding:0}@media (min-width:768px){.elementor-image-gallery .gallery-columns-2 .gallery-item{max-width:50%}.elementor-image-gallery .gallery-columns-3 .gallery-item{max-width:33.33%}.elementor-image-gallery .gallery-columns-4 .gallery-item{max-width:25%}.elementor-image-gallery .gallery-columns-5 .gallery-item{max-width:20%}.elementor-image-gallery .gallery-columns-6 .gallery-item{max-width:16.666%}.elementor-image-gallery .gallery-columns-7 .gallery-item{max-width:14.28%}.elementor-image-gallery .gallery-columns-8 .gallery-item{max-width:12.5%}.elementor-image-gallery .gallery-columns-9 .gallery-item{max-width:11.11%}.elementor-image-gallery .gallery-columns-10 .gallery-item{max-width:10%}}@media (min-width:480px) and (max-width:767px){.elementor-image-gallery .gallery.gallery-columns-2 .gallery-item,.elementor-image-gallery .gallery.gallery-columns-3 .gallery-item,.elementor-image-gallery .gallery.gallery-columns-4 .gallery-item,.elementor-image-gallery .gallery.gallery-columns-5 .gallery-item,.elementor-image-gallery .gallery.gallery-columns-6 .gallery-item,.elementor-image-gallery .gallery.gallery-columns-7 .gallery-item,.elementor-image-gallery .gallery.gallery-columns-8 .gallery-item,.elementor-image-gallery .gallery.gallery-columns-9 .gallery-item,.elementor-image-gallery .gallery.gallery-columns-10 .gallery-item{max-width:50%}}@media (max-width:479px){.elementor-image-gallery .gallery.gallery-columns-2 .gallery-item,.elementor-image-gallery .gallery.gallery-columns-3 .gallery-item,.elementor-image-gallery .gallery.gallery-columns-4 .gallery-item,.elementor-image-gallery .gallery.gallery-columns-5 .gallery-item,.elementor-image-gallery .gallery.gallery-columns-6 .gallery-item,.elementor-image-gallery .gallery.gallery-columns-7 .gallery-item,.elementor-image-gallery .gallery.gallery-columns-8 .gallery-item,.elementor-image-gallery .gallery.gallery-columns-9 .gallery-item,.elementor-image-gallery .gallery.gallery-columns-10 .gallery-item{max-width:100%}}<\/style>\t\t<div class=\"elementor-image-gallery\">\n\t\t\t\n\t\t\t<style type='text\/css'>\n\t\t\t\t#sc_gallery-1 {\n\t\t\t\t\tmargin: auto;\n\t\t\t\t}\n\t\t\t\t#sc_gallery-1 .gallery-item {\n\t\t\t\t\tfloat: left;\n\t\t\t\t\ttext-align: center;\n\t\t\t\t\twidth: 49.99%;\n\t\t\t\t}\n\t\t\t\t#sc_gallery-1 img {\n\t\t\t\t\tborder: 2px solid #cfcfcf;\n\t\t\t\t}\n\t\t\t\t\/* see sc_gallery() in functions\/theme-shortcodes.php *\/\n\t\t\t<\/style>\n\t\t<div id='sc_gallery-1' class='gallery galleryid-2083 gallery-columns-2 gallery-size-full none gallery-default'><dl class='gallery-item' data-title='' data-description=''><div class='gallery-item-wrapper'>\n\t\t\t\t<dt class='gallery-icon landscape'>\n\t\t\t\t\t<img fetchpriority=\"high\" decoding=\"async\" width=\"1000\" height=\"650\" src=\"https:\/\/woodsense.ro\/wp-content\/uploads\/Untitled-Design-4.jpg\" class=\"attachment-full size-full\" alt=\"\" srcset=\"https:\/\/woodsense.ro\/wp-content\/uploads\/Untitled-Design-4.jpg 1000w, https:\/\/woodsense.ro\/wp-content\/uploads\/Untitled-Design-4-500x325.jpg 500w, https:\/\/woodsense.ro\/wp-content\/uploads\/Untitled-Design-4-300x195.jpg 300w, https:\/\/woodsense.ro\/wp-content\/uploads\/Untitled-Design-4-768x499.jpg 768w, https:\/\/woodsense.ro\/wp-content\/uploads\/Untitled-Design-4-18x12.jpg 18w, https:\/\/woodsense.ro\/wp-content\/uploads\/Untitled-Design-4-115x75.jpg 115w, https:\/\/woodsense.ro\/wp-content\/uploads\/Untitled-Design-4-480x312.jpg 480w\" sizes=\"(max-width:767px) 480px, (max-width:1000px) 100vw, 1000px\" \/>\n\t\t\t\t<\/dt><\/div><\/dl><dl class='gallery-item' data-title='' data-description=''><div class='gallery-item-wrapper'>\n\t\t\t\t<dt class='gallery-icon landscape'>\n\t\t\t\t\t<img decoding=\"async\" width=\"1000\" height=\"650\" src=\"https:\/\/woodsense.ro\/wp-content\/uploads\/Untitled-Design-5.jpg\" class=\"attachment-full size-full\" alt=\"\" srcset=\"https:\/\/woodsense.ro\/wp-content\/uploads\/Untitled-Design-5.jpg 1000w, https:\/\/woodsense.ro\/wp-content\/uploads\/Untitled-Design-5-500x325.jpg 500w, https:\/\/woodsense.ro\/wp-content\/uploads\/Untitled-Design-5-300x195.jpg 300w, https:\/\/woodsense.ro\/wp-content\/uploads\/Untitled-Design-5-768x499.jpg 768w, https:\/\/woodsense.ro\/wp-content\/uploads\/Untitled-Design-5-18x12.jpg 18w, https:\/\/woodsense.ro\/wp-content\/uploads\/Untitled-Design-5-115x75.jpg 115w, https:\/\/woodsense.ro\/wp-content\/uploads\/Untitled-Design-5-480x312.jpg 480w\" sizes=\"(max-width:767px) 480px, (max-width:1000px) 100vw, 1000px\" \/>\n\t\t\t\t<\/dt><\/div><\/dl><br style=\"clear: both\" \/><dl class='gallery-item' data-title='' data-description=''><div class='gallery-item-wrapper'>\n\t\t\t\t<dt class='gallery-icon landscape'>\n\t\t\t\t\t<img decoding=\"async\" width=\"1000\" height=\"650\" src=\"https:\/\/woodsense.ro\/wp-content\/uploads\/Untitled-Design-2-1.jpg\" class=\"attachment-full size-full\" alt=\"\" srcset=\"https:\/\/woodsense.ro\/wp-content\/uploads\/Untitled-Design-2-1.jpg 1000w, https:\/\/woodsense.ro\/wp-content\/uploads\/Untitled-Design-2-1-500x325.jpg 500w, https:\/\/woodsense.ro\/wp-content\/uploads\/Untitled-Design-2-1-300x195.jpg 300w, https:\/\/woodsense.ro\/wp-content\/uploads\/Untitled-Design-2-1-768x499.jpg 768w, https:\/\/woodsense.ro\/wp-content\/uploads\/Untitled-Design-2-1-18x12.jpg 18w, https:\/\/woodsense.ro\/wp-content\/uploads\/Untitled-Design-2-1-115x75.jpg 115w, https:\/\/woodsense.ro\/wp-content\/uploads\/Untitled-Design-2-1-480x312.jpg 480w\" sizes=\"(max-width:767px) 480px, (max-width:1000px) 100vw, 1000px\" \/>\n\t\t\t\t<\/dt><\/div><\/dl><dl class='gallery-item' data-title='' data-description=''><div class='gallery-item-wrapper'>\n\t\t\t\t<dt class='gallery-icon landscape'>\n\t\t\t\t\t<img loading=\"lazy\" decoding=\"async\" width=\"1000\" height=\"650\" src=\"https:\/\/woodsense.ro\/wp-content\/uploads\/Untitled-Design-3.jpg\" class=\"attachment-full size-full\" alt=\"\" srcset=\"https:\/\/woodsense.ro\/wp-content\/uploads\/Untitled-Design-3.jpg 1000w, https:\/\/woodsense.ro\/wp-content\/uploads\/Untitled-Design-3-500x325.jpg 500w, https:\/\/woodsense.ro\/wp-content\/uploads\/Untitled-Design-3-300x195.jpg 300w, https:\/\/woodsense.ro\/wp-content\/uploads\/Untitled-Design-3-768x499.jpg 768w, https:\/\/woodsense.ro\/wp-content\/uploads\/Untitled-Design-3-18x12.jpg 18w, https:\/\/woodsense.ro\/wp-content\/uploads\/Untitled-Design-3-115x75.jpg 115w, https:\/\/woodsense.ro\/wp-content\/uploads\/Untitled-Design-3-480x312.jpg 480w\" sizes=\"(max-width:767px) 480px, (max-width:1000px) 100vw, 1000px\" \/>\n\t\t\t\t<\/dt><\/div><\/dl><br style=\"clear: both\" \/>\n\t\t\t<\/div>\n\t\t<\/div>\n\t\t\t\t<\/div>\n\t\t\t\t<\/div>\n\t\t\t\t\t<\/div>\n\t\t\t\t<\/div>\n\t\t<div class=\"elementor-element elementor-element-f276066 e-flex e-con-boxed e-con e-parent\" data-id=\"f276066\" data-element_type=\"container\" data-core-v316-plus=\"true\">\n\t\t\t\t\t<div class=\"e-con-inner\">\n\t\t\t\t<div class=\"elementor-element elementor-element-1691b75 elementor-widget elementor-widget-heading\" data-id=\"1691b75\" data-element_type=\"widget\" data-widget_type=\"heading.default\">\n\t\t\t\t<div class=\"elementor-widget-container\">\n\t\t\t<h3 class=\"elementor-heading-title elementor-size-default\">Mobilier de gr\u0103din\u0103<\/h3>\t\t<\/div>\n\t\t\t\t<\/div>\n\t\t\t\t<div class=\"elementor-element elementor-element-addb694 elementor-widget elementor-widget-text-editor\" data-id=\"addb694\" data-element_type=\"widget\" data-widget_type=\"text-editor.default\">\n\t\t\t\t<div class=\"elementor-widget-container\">\n\t\t\t<style>\/*! elementor - v3.20.0 - 13-03-2024 *\/\n.elementor-widget-text-editor.elementor-drop-cap-view-stacked .elementor-drop-cap{background-color:#69727d;color:#fff}.elementor-widget-text-editor.elementor-drop-cap-view-framed .elementor-drop-cap{color:#69727d;border:3px solid;background-color:transparent}.elementor-widget-text-editor:not(.elementor-drop-cap-view-default) .elementor-drop-cap{margin-top:8px}.elementor-widget-text-editor:not(.elementor-drop-cap-view-default) .elementor-drop-cap-letter{width:1em;height:1em}.elementor-widget-text-editor .elementor-drop-cap{float:left;text-align:center;line-height:1;font-size:50px}.elementor-widget-text-editor .elementor-drop-cap-letter{display:inline-block}<\/style>\t\t\t\t<p>Pe l\u00e2ng\u0103 produc\u021bia de ferestre \u0219i u\u0219i, compania noastr\u0103 comercializeaz\u0103 mobilier de gr\u0103din\u0103 din lemn de \u00eenalt\u0103 calitate. Mobilierul nostru de gr\u0103din\u0103, proiectat de designeri francezi, este fabricat din lemn de tec de planta\u021bie selectat. Toat\u0103 mobila este realizat\u0103 \u00een mod tradi\u021bional manual, ceea ce \u00eei confer\u0103 un caracter unic \u0219i cald.<\/p>\t\t\t\t\t\t<\/div>\n\t\t\t\t<\/div>\n\t\t\t\t\t<\/div>\n\t\t\t\t<\/div>\n\t\t<div class=\"elementor-element elementor-element-8215f92 e-grid e-con-boxed e-con e-parent\" data-id=\"8215f92\" data-element_type=\"container\" data-core-v316-plus=\"true\">\n\t\t\t\t\t<div class=\"e-con-inner\">\n\t\t\t\t<div class=\"elementor-element elementor-element-3398bc6 elementor-widget elementor-widget-image-gallery\" data-id=\"3398bc6\" data-element_type=\"widget\" data-widget_type=\"image-gallery.default\">\n\t\t\t\t<div class=\"elementor-widget-container\">\n\t\t\t\t\t<div class=\"elementor-image-gallery\">\n\t\t\t\n\t\t\t<style type='text\/css'>\n\t\t\t\t#sc_gallery-2 {\n\t\t\t\t\tmargin: auto;\n\t\t\t\t}\n\t\t\t\t#sc_gallery-2 .gallery-item {\n\t\t\t\t\tfloat: left;\n\t\t\t\t\ttext-align: center;\n\t\t\t\t\twidth: 24.99%;\n\t\t\t\t}\n\t\t\t\t#sc_gallery-2 img {\n\t\t\t\t\tborder: 2px solid #cfcfcf;\n\t\t\t\t}\n\t\t\t\t\/* see sc_gallery() in functions\/theme-shortcodes.php *\/\n\t\t\t<\/style>\n\t\t<div id='sc_gallery-2' class='gallery galleryid-2083 gallery-columns-4 gallery-size-thumbnail file gallery-default'><dl class='gallery-item' data-title='' data-description=''><div class='gallery-item-wrapper'>\n\t\t\t\t<dt class='gallery-icon landscape'>\n\t\t\t\t\t<a data-elementor-open-lightbox=\"yes\" data-elementor-lightbox-slideshow=\"3398bc6\" data-e-action-hash=\"#elementor-action%3Aaction%3Dlightbox%26settings%3DeyJpZCI6MjE2NiwidXJsIjoiaHR0cHM6XC9cL3dvb2RzZW5zZS5yb1wvd3AtY29udGVudFwvdXBsb2Fkc1wvYS5qcGciLCJzbGlkZXNob3ciOiIzMzk4YmM2In0%3D\" href='https:\/\/woodsense.ro\/wp-content\/uploads\/a.jpg'><img loading=\"lazy\" decoding=\"async\" width=\"300\" height=\"240\" src=\"https:\/\/woodsense.ro\/wp-content\/uploads\/a-300x240.jpg\" class=\"attachment-thumbnail size-thumbnail\" alt=\"\" srcset=\"https:\/\/woodsense.ro\/wp-content\/uploads\/a-300x240.jpg 300w, https:\/\/woodsense.ro\/wp-content\/uploads\/a-500x400.jpg 500w, https:\/\/woodsense.ro\/wp-content\/uploads\/a-768x614.jpg 768w, https:\/\/woodsense.ro\/wp-content\/uploads\/a-15x12.jpg 15w, https:\/\/woodsense.ro\/wp-content\/uploads\/a-94x75.jpg 94w, https:\/\/woodsense.ro\/wp-content\/uploads\/a-480x384.jpg 480w, https:\/\/woodsense.ro\/wp-content\/uploads\/a.jpg 1000w\" sizes=\"(max-width:767px) 300px, 300px\" \/><\/a>\n\t\t\t\t<\/dt><\/div><\/dl><dl class='gallery-item' data-title='' data-description=''><div class='gallery-item-wrapper'>\n\t\t\t\t<dt class='gallery-icon landscape'>\n\t\t\t\t\t<a data-elementor-open-lightbox=\"yes\" data-elementor-lightbox-slideshow=\"3398bc6\" data-e-action-hash=\"#elementor-action%3Aaction%3Dlightbox%26settings%3DeyJpZCI6MjE2NSwidXJsIjoiaHR0cHM6XC9cL3dvb2RzZW5zZS5yb1wvd3AtY29udGVudFwvdXBsb2Fkc1wvVW50aXRsZWQtRGVzaWduLTIuanBnIiwic2xpZGVzaG93IjoiMzM5OGJjNiJ9\" href='https:\/\/woodsense.ro\/wp-content\/uploads\/Untitled-Design-2.jpg'><img loading=\"lazy\" decoding=\"async\" width=\"300\" height=\"240\" src=\"https:\/\/woodsense.ro\/wp-content\/uploads\/Untitled-Design-2-300x240.jpg\" class=\"attachment-thumbnail size-thumbnail\" alt=\"\" srcset=\"https:\/\/woodsense.ro\/wp-content\/uploads\/Untitled-Design-2-300x240.jpg 300w, https:\/\/woodsense.ro\/wp-content\/uploads\/Untitled-Design-2-500x400.jpg 500w, https:\/\/woodsense.ro\/wp-content\/uploads\/Untitled-Design-2-768x614.jpg 768w, https:\/\/woodsense.ro\/wp-content\/uploads\/Untitled-Design-2-15x12.jpg 15w, https:\/\/woodsense.ro\/wp-content\/uploads\/Untitled-Design-2-94x75.jpg 94w, https:\/\/woodsense.ro\/wp-content\/uploads\/Untitled-Design-2-480x384.jpg 480w, https:\/\/woodsense.ro\/wp-content\/uploads\/Untitled-Design-2.jpg 1000w\" sizes=\"(max-width:767px) 300px, 300px\" \/><\/a>\n\t\t\t\t<\/dt><\/div><\/dl><dl class='gallery-item' data-title='' data-description=''><div class='gallery-item-wrapper'>\n\t\t\t\t<dt class='gallery-icon landscape'>\n\t\t\t\t\t<a data-elementor-open-lightbox=\"yes\" data-elementor-lightbox-slideshow=\"3398bc6\" data-e-action-hash=\"#elementor-action%3Aaction%3Dlightbox%26settings%3DeyJpZCI6MjE2NCwidXJsIjoiaHR0cHM6XC9cL3dvb2RzZW5zZS5yb1wvd3AtY29udGVudFwvdXBsb2Fkc1wvVW50aXRsZWQtRGVzaWduLTMtMS5qcGciLCJzbGlkZXNob3ciOiIzMzk4YmM2In0%3D\" href='https:\/\/woodsense.ro\/wp-content\/uploads\/Untitled-Design-3-1.jpg'><img loading=\"lazy\" decoding=\"async\" width=\"300\" height=\"240\" src=\"https:\/\/woodsense.ro\/wp-content\/uploads\/Untitled-Design-3-1-300x240.jpg\" class=\"attachment-thumbnail size-thumbnail\" alt=\"\" srcset=\"https:\/\/woodsense.ro\/wp-content\/uploads\/Untitled-Design-3-1-300x240.jpg 300w, https:\/\/woodsense.ro\/wp-content\/uploads\/Untitled-Design-3-1-500x400.jpg 500w, https:\/\/woodsense.ro\/wp-content\/uploads\/Untitled-Design-3-1-768x614.jpg 768w, https:\/\/woodsense.ro\/wp-content\/uploads\/Untitled-Design-3-1-15x12.jpg 15w, https:\/\/woodsense.ro\/wp-content\/uploads\/Untitled-Design-3-1-94x75.jpg 94w, https:\/\/woodsense.ro\/wp-content\/uploads\/Untitled-Design-3-1-480x384.jpg 480w, https:\/\/woodsense.ro\/wp-content\/uploads\/Untitled-Design-3-1.jpg 1000w\" sizes=\"(max-width:767px) 300px, 300px\" \/><\/a>\n\t\t\t\t<\/dt><\/div><\/dl><dl class='gallery-item' data-title='' data-description=''><div class='gallery-item-wrapper'>\n\t\t\t\t<dt class='gallery-icon landscape'>\n\t\t\t\t\t<a data-elementor-open-lightbox=\"yes\" data-elementor-lightbox-slideshow=\"3398bc6\" data-e-action-hash=\"#elementor-action%3Aaction%3Dlightbox%26settings%3DeyJpZCI6MjE2MywidXJsIjoiaHR0cHM6XC9cL3dvb2RzZW5zZS5yb1wvd3AtY29udGVudFwvdXBsb2Fkc1wvVW50aXRsZWQtRGVzaWduLTEuanBnIiwic2xpZGVzaG93IjoiMzM5OGJjNiJ9\" href='https:\/\/woodsense.ro\/wp-content\/uploads\/Untitled-Design-1.jpg'><img loading=\"lazy\" decoding=\"async\" width=\"300\" height=\"240\" src=\"https:\/\/woodsense.ro\/wp-content\/uploads\/Untitled-Design-1-300x240.jpg\" class=\"attachment-thumbnail size-thumbnail\" alt=\"\" srcset=\"https:\/\/woodsense.ro\/wp-content\/uploads\/Untitled-Design-1-300x240.jpg 300w, https:\/\/woodsense.ro\/wp-content\/uploads\/Untitled-Design-1-500x400.jpg 500w, https:\/\/woodsense.ro\/wp-content\/uploads\/Untitled-Design-1-768x614.jpg 768w, https:\/\/woodsense.ro\/wp-content\/uploads\/Untitled-Design-1-15x12.jpg 15w, https:\/\/woodsense.ro\/wp-content\/uploads\/Untitled-Design-1-94x75.jpg 94w, https:\/\/woodsense.ro\/wp-content\/uploads\/Untitled-Design-1-480x384.jpg 480w, https:\/\/woodsense.ro\/wp-content\/uploads\/Untitled-Design-1.jpg 1000w\" sizes=\"(max-width:767px) 300px, 300px\" \/><\/a>\n\t\t\t\t<\/dt><\/div><\/dl><br style=\"clear: both\" \/>\n\t\t\t<\/div>\n\t\t<\/div>\n\t\t\t\t<\/div>\n\t\t\t\t<\/div>\n\t\t\t\t\t<\/div>\n\t\t\t\t<\/div>\n\t\t\t\t<\/div>","protected":false},"excerpt":{"rendered":"<p>Egyedi tervezes\u0171 exkluziv konyhab\u00fatorok. Kerti b\u00fatorok C\u00e9g\u00fcnk ny\u00edl\u00e1sz\u00e1r\u00f3k gy\u00e1rt\u00e1sa mellett forgalmaz f\u00e1b\u00f3l k\u00e9sz\u00fclt magas min\u0151s\u00e9g\u0171 kerti b\u00fatorokat. Francia designerek \u00e1ltal meg\u00e1lmodott, kerti b\u00fatoraink v\u00e1logatott \u00fcltetv\u00e9nyes Teakf\u00e1b\u00f3l<span class=\"excerpt-hellip\"> [\u2026]<\/span><\/p>","protected":false},"author":1,"featured_media":0,"parent":0,"menu_order":0,"comment_status":"closed","ping_status":"closed","template":"elementor_header_footer","meta":{"footnotes":""},"class_list":["post-2083","page","type-page","status-publish","hentry"],"_links":{"self":[{"href":"https:\/\/woodsense.ro\/ro\/wp-json\/wp\/v2\/pages\/2083","targetHints":{"allow":["GET"]}}],"collection":[{"href":"https:\/\/woodsense.ro\/ro\/wp-json\/wp\/v2\/pages"}],"about":[{"href":"https:\/\/woodsense.ro\/ro\/wp-json\/wp\/v2\/types\/page"}],"author":[{"embeddable":true,"href":"https:\/\/woodsense.ro\/ro\/wp-json\/wp\/v2\/users\/1"}],"replies":[{"embeddable":true,"href":"https:\/\/woodsense.ro\/ro\/wp-json\/wp\/v2\/comments?post=2083"}],"version-history":[{"count":37,"href":"https:\/\/woodsense.ro\/ro\/wp-json\/wp\/v2\/pages\/2083\/revisions"}],"predecessor-version":[{"id":2896,"href":"https:\/\/woodsense.ro\/ro\/wp-json\/wp\/v2\/pages\/2083\/revisions\/2896"}],"wp:attachment":[{"href":"https:\/\/woodsense.ro\/ro\/wp-json\/wp\/v2\/media?parent=2083"}],"curies":[{"name":"wp","href":"https:\/\/api.w.org\/{rel}","templated":true}]}}