{"id":2065,"date":"2023-09-29T14:18:51","date_gmt":"2023-09-29T11:18:51","guid":{"rendered":"https:\/\/woodsense.ro\/?page_id=2065"},"modified":"2023-11-10T11:12:41","modified_gmt":"2023-11-10T09:12:41","slug":"toloajto","status":"publish","type":"page","link":"https:\/\/woodsense.ro\/ro\/belteri-ajtok\/toloajto\/","title":{"rendered":"U\u0219\u0103 glisant\u0103"},"content":{"rendered":"<div data-elementor-type=\"wp-page\" data-elementor-id=\"2065\" class=\"elementor elementor-2065\" data-elementor-post-type=\"page\">\n\t\t\t\t<div class=\"elementor-element elementor-element-19b2dfeb e-grid e-con-boxed e-con e-parent\" data-id=\"19b2dfeb\" data-element_type=\"container\" data-core-v316-plus=\"true\">\n\t\t\t\t\t<div class=\"e-con-inner\">\n\t\t\t\t<div class=\"elementor-element elementor-element-762eae28 elementor-widget elementor-widget-text-editor\" data-id=\"762eae28\" data-element_type=\"widget\" data-widget_type=\"text-editor.default\">\n\t\t\t\t<div class=\"elementor-widget-container\">\n\t\t\t<style>\/*! elementor - v3.20.0 - 13-03-2024 *\/\n.elementor-widget-text-editor.elementor-drop-cap-view-stacked .elementor-drop-cap{background-color:#69727d;color:#fff}.elementor-widget-text-editor.elementor-drop-cap-view-framed .elementor-drop-cap{color:#69727d;border:3px solid;background-color:transparent}.elementor-widget-text-editor:not(.elementor-drop-cap-view-default) .elementor-drop-cap{margin-top:8px}.elementor-widget-text-editor:not(.elementor-drop-cap-view-default) .elementor-drop-cap-letter{width:1em;height:1em}.elementor-widget-text-editor .elementor-drop-cap{float:left;text-align:center;line-height:1;font-size:50px}.elementor-widget-text-editor .elementor-drop-cap-letter{display:inline-block}<\/style>\t\t\t\t<h3>Las\u0103 natura s\u0103 intre \u00een casa ta!<\/h3><p>U\u0219ile de balcon cu sistem ridicare-glisare \u0219i de rabatare-glisare economisesc spa\u021biu \u0219i sunt u\u0219or de mutat. Datorit\u0103 anvergurii lor largi, acestea permit utilizarea unor suprafe\u021be mari de sticl\u0103.<\/p>\t\t\t\t\t\t<\/div>\n\t\t\t\t<\/div>\n\t\t\t\t\t<\/div>\n\t\t\t\t<\/div>\n\t\t<div class=\"elementor-element elementor-element-bb9d245 e-flex e-con-boxed e-con e-parent\" data-id=\"bb9d245\" data-element_type=\"container\" data-core-v316-plus=\"true\">\n\t\t\t\t\t<div class=\"e-con-inner\">\n\t\t\t\t<div class=\"elementor-element elementor-element-a1d47e1 elementor-widget__width-initial elementor-widget elementor-widget-image\" data-id=\"a1d47e1\" data-element_type=\"widget\" data-widget_type=\"image.default\">\n\t\t\t\t<div class=\"elementor-widget-container\">\n\t\t\t<style>\/*! elementor - v3.20.0 - 13-03-2024 *\/\n.elementor-widget-image{text-align:center}.elementor-widget-image a{display:inline-block}.elementor-widget-image a img[src$=\".svg\"]{width:48px}.elementor-widget-image img{vertical-align:middle;display:inline-block}<\/style>\t\t\t\t\t\t\t\t\t\t<img fetchpriority=\"high\" decoding=\"async\" width=\"500\" height=\"400\" src=\"https:\/\/woodsense.ro\/wp-content\/uploads\/usa-glisanta-500x400.jpg\" class=\"attachment-medium size-medium wp-image-2006\" alt=\"\" srcset=\"https:\/\/woodsense.ro\/wp-content\/uploads\/usa-glisanta-500x400.jpg 500w, https:\/\/woodsense.ro\/wp-content\/uploads\/usa-glisanta-300x240.jpg 300w, https:\/\/woodsense.ro\/wp-content\/uploads\/usa-glisanta-768x614.jpg 768w, https:\/\/woodsense.ro\/wp-content\/uploads\/usa-glisanta-15x12.jpg 15w, https:\/\/woodsense.ro\/wp-content\/uploads\/usa-glisanta-94x75.jpg 94w, https:\/\/woodsense.ro\/wp-content\/uploads\/usa-glisanta-480x384.jpg 480w, https:\/\/woodsense.ro\/wp-content\/uploads\/usa-glisanta.jpg 1000w\" sizes=\"(max-width:767px) 480px, 500px\" \/>\t\t\t\t\t\t\t\t\t\t\t\t\t<\/div>\n\t\t\t\t<\/div>\n\t\t\t\t<div class=\"elementor-element elementor-element-7306369 elementor-widget__width-initial elementor-widget elementor-widget-text-editor\" data-id=\"7306369\" data-element_type=\"widget\" data-widget_type=\"text-editor.default\">\n\t\t\t\t<div class=\"elementor-widget-container\">\n\t\t\t\t\t\t\t<h3>U\u0219\u0103 glisant\u0103 innova next<\/h3><p>Datorit\u0103 suprafe\u021belor uria\u0219e de sticl\u0103, locuin\u021ba dumneavoastr\u0103 se va transforma \u00eentr-o cas\u0103 luminoas\u0103 \u0219i plin\u0103 de soare. Ve\u021bi fi mai aproape de natur\u0103, bucur\u00e2ndu-v\u0103 \u00een acela\u0219i timp de lini\u0219tea casei dumneavoastr\u0103 al\u0103turi de familie. Datorit\u0103 feroneriei speciale, \u00een ciuda dimensiunilor uria\u0219e, mi\u0219carea foilor u\u0219ilor de teras\u0103 necesit\u0103 o cantitate mic\u0103 de for\u021b\u0103.<\/p>\t\t\t\t\t\t<\/div>\n\t\t\t\t<\/div>\n\t\t\t\t\t<\/div>\n\t\t\t\t<\/div>\n\t\t\t\t<\/div>","protected":false},"excerpt":{"rendered":"<p>Engedd be a term\u00e9szetet az otthonodba! Emel\u0151-tol\u00f3 \u00e9s buk\u00f3-tol\u00f3 erk\u00e9lyajt\u00f3k helytakar\u00e9kosak, k\u00f6nnyen mozgathat\u00f3ak. Sz\u00e9les feszt\u00e1vjukkal \u00f3ri\u00e1si \u00fcvegfel\u00fcletek alkalmaz\u00e1s\u00e1t teszik lehet\u0151v\u00e9. Innova next tol\u00f3ajt\u00f3 A hatalmas \u00fcvegfel\u00fcleteknek<span class=\"excerpt-hellip\"> [\u2026]<\/span><\/p>","protected":false},"author":1,"featured_media":0,"parent":2001,"menu_order":0,"comment_status":"closed","ping_status":"closed","template":"elementor_header_footer","meta":{"footnotes":""},"class_list":["post-2065","page","type-page","status-publish","hentry"],"_links":{"self":[{"href":"https:\/\/woodsense.ro\/ro\/wp-json\/wp\/v2\/pages\/2065","targetHints":{"allow":["GET"]}}],"collection":[{"href":"https:\/\/woodsense.ro\/ro\/wp-json\/wp\/v2\/pages"}],"about":[{"href":"https:\/\/woodsense.ro\/ro\/wp-json\/wp\/v2\/types\/page"}],"author":[{"embeddable":true,"href":"https:\/\/woodsense.ro\/ro\/wp-json\/wp\/v2\/users\/1"}],"replies":[{"embeddable":true,"href":"https:\/\/woodsense.ro\/ro\/wp-json\/wp\/v2\/comments?post=2065"}],"version-history":[{"count":45,"href":"https:\/\/woodsense.ro\/ro\/wp-json\/wp\/v2\/pages\/2065\/revisions"}],"predecessor-version":[{"id":2889,"href":"https:\/\/woodsense.ro\/ro\/wp-json\/wp\/v2\/pages\/2065\/revisions\/2889"}],"up":[{"embeddable":true,"href":"https:\/\/woodsense.ro\/ro\/wp-json\/wp\/v2\/pages\/2001"}],"wp:attachment":[{"href":"https:\/\/woodsense.ro\/ro\/wp-json\/wp\/v2\/media?parent=2065"}],"curies":[{"name":"wp","href":"https:\/\/api.w.org\/{rel}","templated":true}]}}