{"id":1936,"date":"2023-09-29T09:24:11","date_gmt":"2023-09-29T06:24:11","guid":{"rendered":"https:\/\/woodsense.ro\/?page_id=1936"},"modified":"2023-11-10T11:11:31","modified_gmt":"2023-11-10T09:11:31","slug":"bejarati-ajtok","status":"publish","type":"page","link":"https:\/\/woodsense.ro\/ro\/bejarati-ajtok\/","title":{"rendered":"U\u0219i de intrare"},"content":{"rendered":"<div data-elementor-type=\"wp-page\" data-elementor-id=\"1936\" class=\"elementor elementor-1936\" data-elementor-post-type=\"page\">\n\t\t\t\t<div class=\"elementor-element elementor-element-6f93d1d0 e-grid e-con-boxed e-con e-parent\" data-id=\"6f93d1d0\" data-element_type=\"container\" data-core-v316-plus=\"true\">\n\t\t\t\t\t<div class=\"e-con-inner\">\n\t\t\t\t<div class=\"elementor-element elementor-element-bfe2303 elementor-position-top elementor-widget elementor-widget-image-box\" data-id=\"bfe2303\" data-element_type=\"widget\" data-widget_type=\"image-box.default\">\n\t\t\t\t<div class=\"elementor-widget-container\">\n\t\t\t<style>\/*! elementor - v3.20.0 - 13-03-2024 *\/\n.elementor-widget-image-box .elementor-image-box-content{width:100%}@media (min-width:768px){.elementor-widget-image-box.elementor-position-left .elementor-image-box-wrapper,.elementor-widget-image-box.elementor-position-right .elementor-image-box-wrapper{display:flex}.elementor-widget-image-box.elementor-position-right .elementor-image-box-wrapper{text-align:right;flex-direction:row-reverse}.elementor-widget-image-box.elementor-position-left .elementor-image-box-wrapper{text-align:left;flex-direction:row}.elementor-widget-image-box.elementor-position-top .elementor-image-box-img{margin:auto}.elementor-widget-image-box.elementor-vertical-align-top .elementor-image-box-wrapper{align-items:flex-start}.elementor-widget-image-box.elementor-vertical-align-middle .elementor-image-box-wrapper{align-items:center}.elementor-widget-image-box.elementor-vertical-align-bottom .elementor-image-box-wrapper{align-items:flex-end}}@media (max-width:767px){.elementor-widget-image-box .elementor-image-box-img{margin-left:auto!important;margin-right:auto!important;margin-bottom:15px}}.elementor-widget-image-box .elementor-image-box-img{display:inline-block}.elementor-widget-image-box .elementor-image-box-title a{color:inherit}.elementor-widget-image-box .elementor-image-box-wrapper{text-align:center}.elementor-widget-image-box .elementor-image-box-description{margin:0}<\/style><div class=\"elementor-image-box-wrapper\"><figure class=\"elementor-image-box-img\"><a href=\"\/ro\/klasszikus-bejarati-ajtok\/\" tabindex=\"-1\"><img fetchpriority=\"high\" decoding=\"async\" width=\"1000\" height=\"800\" src=\"https:\/\/woodsense.ro\/wp-content\/uploads\/usi-de-intrare-1.jpg\" class=\"attachment-full size-full wp-image-1938\" alt=\"\" srcset=\"https:\/\/woodsense.ro\/wp-content\/uploads\/usi-de-intrare-1.jpg 1000w, https:\/\/woodsense.ro\/wp-content\/uploads\/usi-de-intrare-1-500x400.jpg 500w, https:\/\/woodsense.ro\/wp-content\/uploads\/usi-de-intrare-1-300x240.jpg 300w, https:\/\/woodsense.ro\/wp-content\/uploads\/usi-de-intrare-1-768x614.jpg 768w, https:\/\/woodsense.ro\/wp-content\/uploads\/usi-de-intrare-1-15x12.jpg 15w, https:\/\/woodsense.ro\/wp-content\/uploads\/usi-de-intrare-1-94x75.jpg 94w, https:\/\/woodsense.ro\/wp-content\/uploads\/usi-de-intrare-1-480x384.jpg 480w\" sizes=\"(max-width:767px) 480px, (max-width:1000px) 100vw, 1000px\" \/><\/a><\/figure><div class=\"elementor-image-box-content\"><h3 class=\"elementor-image-box-title\"><a href=\"\/ro\/klasszikus-bejarati-ajtok\/\">U\u0219i de intrare clasice<\/a><\/h3><\/div><\/div>\t\t<\/div>\n\t\t\t\t<\/div>\n\t\t\t\t<div class=\"elementor-element elementor-element-08f3954 elementor-position-top elementor-widget elementor-widget-image-box\" data-id=\"08f3954\" data-element_type=\"widget\" data-widget_type=\"image-box.default\">\n\t\t\t\t<div class=\"elementor-widget-container\">\n\t\t\t<div class=\"elementor-image-box-wrapper\"><figure class=\"elementor-image-box-img\"><a href=\"\/ro\/modern-bejarati-ajtok\/\" tabindex=\"-1\"><img decoding=\"async\" width=\"1000\" height=\"800\" src=\"https:\/\/woodsense.ro\/wp-content\/uploads\/usi-de-intrare-moderne.jpg\" class=\"attachment-full size-full wp-image-1937\" alt=\"\" srcset=\"https:\/\/woodsense.ro\/wp-content\/uploads\/usi-de-intrare-moderne.jpg 1000w, https:\/\/woodsense.ro\/wp-content\/uploads\/usi-de-intrare-moderne-500x400.jpg 500w, https:\/\/woodsense.ro\/wp-content\/uploads\/usi-de-intrare-moderne-300x240.jpg 300w, https:\/\/woodsense.ro\/wp-content\/uploads\/usi-de-intrare-moderne-768x614.jpg 768w, https:\/\/woodsense.ro\/wp-content\/uploads\/usi-de-intrare-moderne-15x12.jpg 15w, https:\/\/woodsense.ro\/wp-content\/uploads\/usi-de-intrare-moderne-94x75.jpg 94w, https:\/\/woodsense.ro\/wp-content\/uploads\/usi-de-intrare-moderne-480x384.jpg 480w\" sizes=\"(max-width:767px) 480px, (max-width:1000px) 100vw, 1000px\" \/><\/a><\/figure><div class=\"elementor-image-box-content\"><h3 class=\"elementor-image-box-title\"><a href=\"\/ro\/modern-bejarati-ajtok\/\">U\u0219i de intrare moderne<\/a><\/h3><\/div><\/div>\t\t<\/div>\n\t\t\t\t<\/div>\n\t\t\t\t\t<\/div>\n\t\t\t\t<\/div>\n\t\t\t\t<\/div>","protected":false},"excerpt":{"rendered":"<p>Klasszikus bej\u00e1rati ajt\u00f3k Modern bej\u00e1rati ajt\u00f3k<\/p>","protected":false},"author":1,"featured_media":0,"parent":0,"menu_order":0,"comment_status":"closed","ping_status":"closed","template":"elementor_header_footer","meta":{"footnotes":""},"class_list":["post-1936","page","type-page","status-publish","hentry"],"_links":{"self":[{"href":"https:\/\/woodsense.ro\/ro\/wp-json\/wp\/v2\/pages\/1936","targetHints":{"allow":["GET"]}}],"collection":[{"href":"https:\/\/woodsense.ro\/ro\/wp-json\/wp\/v2\/pages"}],"about":[{"href":"https:\/\/woodsense.ro\/ro\/wp-json\/wp\/v2\/types\/page"}],"author":[{"embeddable":true,"href":"https:\/\/woodsense.ro\/ro\/wp-json\/wp\/v2\/users\/1"}],"replies":[{"embeddable":true,"href":"https:\/\/woodsense.ro\/ro\/wp-json\/wp\/v2\/comments?post=1936"}],"version-history":[{"count":18,"href":"https:\/\/woodsense.ro\/ro\/wp-json\/wp\/v2\/pages\/1936\/revisions"}],"predecessor-version":[{"id":2924,"href":"https:\/\/woodsense.ro\/ro\/wp-json\/wp\/v2\/pages\/1936\/revisions\/2924"}],"wp:attachment":[{"href":"https:\/\/woodsense.ro\/ro\/wp-json\/wp\/v2\/media?parent=1936"}],"curies":[{"name":"wp","href":"https:\/\/api.w.org\/{rel}","templated":true}]}}