{"id":1840,"date":"2023-09-28T13:44:43","date_gmt":"2023-09-28T10:44:43","guid":{"rendered":"https:\/\/woodsense.ro\/?page_id=1840"},"modified":"2023-11-10T11:04:24","modified_gmt":"2023-11-10T09:04:24","slug":"innova-vision-protect","status":"publish","type":"page","link":"https:\/\/woodsense.ro\/ro\/ablakok\/alu-fa-ablakok\/innova-vision-protect\/","title":{"rendered":"Innova Vision Protect"},"content":{"rendered":"<div data-elementor-type=\"wp-page\" data-elementor-id=\"1840\" class=\"elementor elementor-1840\" data-elementor-post-type=\"page\">\n\t\t\t\t<div class=\"elementor-element elementor-element-59afc81a e-grid e-con-boxed e-con e-parent\" data-id=\"59afc81a\" data-element_type=\"container\" data-core-v316-plus=\"true\">\n\t\t\t\t\t<div class=\"e-con-inner\">\n\t\t\t\t<div class=\"elementor-element elementor-element-687e24a3 elementor-widget elementor-widget-text-editor\" data-id=\"687e24a3\" data-element_type=\"widget\" data-widget_type=\"text-editor.default\">\n\t\t\t\t<div class=\"elementor-widget-container\">\n\t\t\t<style>\/*! elementor - v3.20.0 - 13-03-2024 *\/\n.elementor-widget-text-editor.elementor-drop-cap-view-stacked .elementor-drop-cap{background-color:#69727d;color:#fff}.elementor-widget-text-editor.elementor-drop-cap-view-framed .elementor-drop-cap{color:#69727d;border:3px solid;background-color:transparent}.elementor-widget-text-editor:not(.elementor-drop-cap-view-default) .elementor-drop-cap{margin-top:8px}.elementor-widget-text-editor:not(.elementor-drop-cap-view-default) .elementor-drop-cap-letter{width:1em;height:1em}.elementor-widget-text-editor .elementor-drop-cap{float:left;text-align:center;line-height:1;font-size:50px}.elementor-widget-text-editor .elementor-drop-cap-letter{display:inline-block}<\/style>\t\t\t\t<h3>Innova Vision Protect<\/h3><p>Liniile curate \u0219i neconven\u021bionale sunt ob\u021binute prin armonizarea perfect\u0103 a lemnului, geamului \u0219i aluminiului. Suprafa\u021ba m\u0103rit\u0103 a geamului permite p\u0103trunderea unei cantit\u0103\u021bi mai mari de lumin\u0103, pentru o mai mare senza\u021bie de confort. Placarea din aluminiu ofer\u0103 protec\u021bie \u0219i o garan\u021bie de lung\u0103 durat\u0103 a frumuse\u021bii \u0219i durabilit\u0103\u021bii atemporale a ferestrei.<\/p>\t\t\t\t\t\t<\/div>\n\t\t\t\t<\/div>\n\t\t\t\t<div class=\"elementor-element elementor-element-16ba4bf5 elementor-widget elementor-widget-image\" data-id=\"16ba4bf5\" data-element_type=\"widget\" data-widget_type=\"image.default\">\n\t\t\t\t<div class=\"elementor-widget-container\">\n\t\t\t<style>\/*! elementor - v3.20.0 - 13-03-2024 *\/\n.elementor-widget-image{text-align:center}.elementor-widget-image a{display:inline-block}.elementor-widget-image a img[src$=\".svg\"]{width:48px}.elementor-widget-image img{vertical-align:middle;display:inline-block}<\/style>\t\t\t\t\t\t\t\t\t\t<img fetchpriority=\"high\" decoding=\"async\" width=\"1000\" height=\"800\" src=\"https:\/\/woodsense.ro\/wp-content\/uploads\/lemn-alu-innova-vision-protect.jpg\" class=\"attachment-full size-full wp-image-1611\" alt=\"\" srcset=\"https:\/\/woodsense.ro\/wp-content\/uploads\/lemn-alu-innova-vision-protect.jpg 1000w, https:\/\/woodsense.ro\/wp-content\/uploads\/lemn-alu-innova-vision-protect-500x400.jpg 500w, https:\/\/woodsense.ro\/wp-content\/uploads\/lemn-alu-innova-vision-protect-300x240.jpg 300w, https:\/\/woodsense.ro\/wp-content\/uploads\/lemn-alu-innova-vision-protect-768x614.jpg 768w, https:\/\/woodsense.ro\/wp-content\/uploads\/lemn-alu-innova-vision-protect-15x12.jpg 15w, https:\/\/woodsense.ro\/wp-content\/uploads\/lemn-alu-innova-vision-protect-94x75.jpg 94w, https:\/\/woodsense.ro\/wp-content\/uploads\/lemn-alu-innova-vision-protect-480x384.jpg 480w\" sizes=\"(max-width:767px) 480px, (max-width:1000px) 100vw, 1000px\" \/>\t\t\t\t\t\t\t\t\t\t\t\t\t<\/div>\n\t\t\t\t<\/div>\n\t\t\t\t\t<\/div>\n\t\t\t\t<\/div>\n\t\t<div class=\"elementor-element elementor-element-3bbb3a80 e-grid e-con-boxed e-con e-parent\" data-id=\"3bbb3a80\" data-element_type=\"container\" data-core-v316-plus=\"true\">\n\t\t\t\t\t<div class=\"e-con-inner\">\n\t\t\t\t<div class=\"elementor-element elementor-element-7a0ae869 elementor-widget elementor-widget-image\" data-id=\"7a0ae869\" data-element_type=\"widget\" data-widget_type=\"image.default\">\n\t\t\t\t<div class=\"elementor-widget-container\">\n\t\t\t\t\t\t\t\t\t\t\t\t\t<img decoding=\"async\" width=\"512\" height=\"512\" src=\"https:\/\/woodsense.ro\/wp-content\/uploads\/innova-vision-protect_product.jpg\" class=\"attachment-full size-full wp-image-1676\" alt=\"\" srcset=\"https:\/\/woodsense.ro\/wp-content\/uploads\/innova-vision-protect_product.jpg 512w, https:\/\/woodsense.ro\/wp-content\/uploads\/innova-vision-protect_product-500x500.jpg 500w, https:\/\/woodsense.ro\/wp-content\/uploads\/innova-vision-protect_product-300x300.jpg 300w, https:\/\/woodsense.ro\/wp-content\/uploads\/innova-vision-protect_product-12x12.jpg 12w, https:\/\/woodsense.ro\/wp-content\/uploads\/innova-vision-protect_product-150x150.jpg 150w, https:\/\/woodsense.ro\/wp-content\/uploads\/innova-vision-protect_product-75x75.jpg 75w, https:\/\/woodsense.ro\/wp-content\/uploads\/innova-vision-protect_product-480x480.jpg 480w\" sizes=\"(max-width:767px) 480px, 512px\" \/>\t\t\t\t\t\t\t\t\t\t\t\t\t<\/div>\n\t\t\t\t<\/div>\n\t\t\t\t<div class=\"elementor-element elementor-element-7084c8ab elementor-widget elementor-widget-text-editor\" data-id=\"7084c8ab\" data-element_type=\"widget\" data-widget_type=\"text-editor.default\">\n\t\t\t\t<div class=\"elementor-widget-container\">\n\t\t\t\t\t\t\t<h4>Innova Vision Protect<\/h4><ul><li>Grosimea profilului 92 mm<\/li><li>Material de baz\u0103 cu 4 straturi lipite, de mare stabilitate, certificat<\/li><li>Geam triplu cu baghet\u0103 termic\u0103 Ug= 0.6 \u2013 0.5<\/li><li>Placare din aluminiu acoperit cu pulbere, cu profil armat<\/li><li>Garnitur\u0103 tripl\u0103 de cauciuc<\/li><li>Feronerie ascuns\u0103 Roto Designo<\/li><li>Tratament de suprafa\u021b\u0103 cu o garan\u021bie de p\u00e2n\u0103 la 10 ani<\/li><li>Valoarea Uw = 0,8 \u2013 0,76<\/li><\/ul>\t\t\t\t\t\t<\/div>\n\t\t\t\t<\/div>\n\t\t\t\t\t<\/div>\n\t\t\t\t<\/div>\n\t\t<div class=\"elementor-element elementor-element-a10e7d0 e-grid e-con-boxed e-con e-parent\" data-id=\"a10e7d0\" data-element_type=\"container\" id=\"trend\" data-core-v316-plus=\"true\">\n\t\t\t\t\t<div class=\"e-con-inner\">\n\t\t\t\t<div class=\"elementor-element elementor-element-e4e9e00 elementor-widget elementor-widget-image\" data-id=\"e4e9e00\" data-element_type=\"widget\" data-widget_type=\"image.default\">\n\t\t\t\t<div class=\"elementor-widget-container\">\n\t\t\t\t\t\t\t\t\t\t\t\t\t<img decoding=\"async\" width=\"512\" height=\"512\" src=\"https:\/\/woodsense.ro\/wp-content\/uploads\/Innova-Protect-92-Trend.jpg\" class=\"attachment-full size-full wp-image-1860\" alt=\"\" srcset=\"https:\/\/woodsense.ro\/wp-content\/uploads\/Innova-Protect-92-Trend.jpg 512w, https:\/\/woodsense.ro\/wp-content\/uploads\/Innova-Protect-92-Trend-500x500.jpg 500w, https:\/\/woodsense.ro\/wp-content\/uploads\/Innova-Protect-92-Trend-300x300.jpg 300w, https:\/\/woodsense.ro\/wp-content\/uploads\/Innova-Protect-92-Trend-12x12.jpg 12w, https:\/\/woodsense.ro\/wp-content\/uploads\/Innova-Protect-92-Trend-150x150.jpg 150w, https:\/\/woodsense.ro\/wp-content\/uploads\/Innova-Protect-92-Trend-75x75.jpg 75w, https:\/\/woodsense.ro\/wp-content\/uploads\/Innova-Protect-92-Trend-480x480.jpg 480w\" sizes=\"(max-width:767px) 480px, 512px\" \/>\t\t\t\t\t\t\t\t\t\t\t\t\t<\/div>\n\t\t\t\t<\/div>\n\t\t\t\t<div class=\"elementor-element elementor-element-b3695be elementor-widget elementor-widget-text-editor\" data-id=\"b3695be\" data-element_type=\"widget\" data-widget_type=\"text-editor.default\">\n\t\t\t\t<div class=\"elementor-widget-container\">\n\t\t\t\t\t\t\t<h4>Innova Protect 92 Trend<\/h4><ul><li>Grosimea profilului 92 mm cu placare din aluminiu 109 mm<\/li><li>Material de baz\u0103 cu 4 straturi lipite, de mare stabilitate, certificat<\/li><li>Geam triplu cu baghet\u0103 termic\u0103 Ug= 0.6 \u2013 0.5<\/li><li>Garnitur\u0103 dubl\u0103 de cauciuc<\/li><li>Feronerie de securitate Roto NT basic \u0219i premium<\/li><li>Tratament de suprafa\u021b\u0103 cu o garan\u021bie de p\u00e2n\u0103 la 10 ani<\/li><li>Valoarea Uw = 0,85 \u2013 0,79<\/li><\/ul>\t\t\t\t\t\t<\/div>\n\t\t\t\t<\/div>\n\t\t\t\t\t<\/div>\n\t\t\t\t<\/div>\n\t\t<div class=\"elementor-element elementor-element-7a3d6a2 e-grid e-con-boxed e-con e-parent\" data-id=\"7a3d6a2\" data-element_type=\"container\" data-core-v316-plus=\"true\">\n\t\t\t\t\t<div class=\"e-con-inner\">\n\t\t\t\t<div class=\"elementor-element elementor-element-5651ac9 elementor-widget elementor-widget-image\" data-id=\"5651ac9\" data-element_type=\"widget\" data-widget_type=\"image.default\">\n\t\t\t\t<div class=\"elementor-widget-container\">\n\t\t\t\t\t\t\t\t\t\t\t\t\t<img loading=\"lazy\" decoding=\"async\" width=\"512\" height=\"512\" src=\"https:\/\/woodsense.ro\/wp-content\/uploads\/Innova-92-Trend-Pet.jpg\" class=\"attachment-full size-full wp-image-1861\" alt=\"\" srcset=\"https:\/\/woodsense.ro\/wp-content\/uploads\/Innova-92-Trend-Pet.jpg 512w, https:\/\/woodsense.ro\/wp-content\/uploads\/Innova-92-Trend-Pet-500x500.jpg 500w, https:\/\/woodsense.ro\/wp-content\/uploads\/Innova-92-Trend-Pet-300x300.jpg 300w, https:\/\/woodsense.ro\/wp-content\/uploads\/Innova-92-Trend-Pet-12x12.jpg 12w, https:\/\/woodsense.ro\/wp-content\/uploads\/Innova-92-Trend-Pet-150x150.jpg 150w, https:\/\/woodsense.ro\/wp-content\/uploads\/Innova-92-Trend-Pet-75x75.jpg 75w, https:\/\/woodsense.ro\/wp-content\/uploads\/Innova-92-Trend-Pet-480x480.jpg 480w\" sizes=\"(max-width:767px) 480px, 512px\" \/>\t\t\t\t\t\t\t\t\t\t\t\t\t<\/div>\n\t\t\t\t<\/div>\n\t\t\t\t<div class=\"elementor-element elementor-element-9d8a8d6 elementor-widget elementor-widget-text-editor\" data-id=\"9d8a8d6\" data-element_type=\"widget\" data-widget_type=\"text-editor.default\">\n\t\t\t\t<div class=\"elementor-widget-container\">\n\t\t\t\t\t\t\t<h4>Innova 92 Trend Pet<\/h4><ul><li>Grosimea profilului 92 mm cu placare din aluminiu 109 mm<\/li><li>Material de baz\u0103 cu 4 straturi lipite, de mare stabilitate, certificat<\/li><li>Geam triplu cu baghet\u0103 termic\u0103 Ug= 0.6 \u2013 0.5<\/li><li>Garnitur\u0103 dubl\u0103 de cauciuc<\/li><li>Feronerie de securitate Roto NT basic \u0219i premium<\/li><li>Tratament de suprafa\u021b\u0103 cu o garan\u021bie de p\u00e2n\u0103 la 10 ani<\/li><li>Valoarea Uw = 0,79 \u2013 0,75<\/li><\/ul>\t\t\t\t\t\t<\/div>\n\t\t\t\t<\/div>\n\t\t\t\t\t<\/div>\n\t\t\t\t<\/div>\n\t\t<div class=\"elementor-element elementor-element-44003cd e-grid e-con-boxed e-con e-parent\" data-id=\"44003cd\" data-element_type=\"container\" id=\"classic\" data-core-v316-plus=\"true\">\n\t\t\t\t\t<div class=\"e-con-inner\">\n\t\t\t\t<div class=\"elementor-element elementor-element-9850d0f elementor-widget elementor-widget-image\" data-id=\"9850d0f\" data-element_type=\"widget\" data-widget_type=\"image.default\">\n\t\t\t\t<div class=\"elementor-widget-container\">\n\t\t\t\t\t\t\t\t\t\t\t\t\t<img loading=\"lazy\" decoding=\"async\" width=\"512\" height=\"512\" src=\"https:\/\/woodsense.ro\/wp-content\/uploads\/Innova-Protect-Classic.jpg\" class=\"attachment-full size-full wp-image-1862\" alt=\"\" srcset=\"https:\/\/woodsense.ro\/wp-content\/uploads\/Innova-Protect-Classic.jpg 512w, https:\/\/woodsense.ro\/wp-content\/uploads\/Innova-Protect-Classic-500x500.jpg 500w, https:\/\/woodsense.ro\/wp-content\/uploads\/Innova-Protect-Classic-300x300.jpg 300w, https:\/\/woodsense.ro\/wp-content\/uploads\/Innova-Protect-Classic-12x12.jpg 12w, https:\/\/woodsense.ro\/wp-content\/uploads\/Innova-Protect-Classic-150x150.jpg 150w, https:\/\/woodsense.ro\/wp-content\/uploads\/Innova-Protect-Classic-75x75.jpg 75w, https:\/\/woodsense.ro\/wp-content\/uploads\/Innova-Protect-Classic-480x480.jpg 480w\" sizes=\"(max-width:767px) 480px, 512px\" \/>\t\t\t\t\t\t\t\t\t\t\t\t\t<\/div>\n\t\t\t\t<\/div>\n\t\t\t\t<div class=\"elementor-element elementor-element-8e4342a elementor-widget elementor-widget-text-editor\" data-id=\"8e4342a\" data-element_type=\"widget\" data-widget_type=\"text-editor.default\">\n\t\t\t\t<div class=\"elementor-widget-container\">\n\t\t\t\t\t\t\t<h4>Innova Protect Classic<\/h4><ul><li>Grosimea profilului 92 mm cu placare din aluminiu 92 mm<\/li><li>Material de baz\u0103 cu 4 straturi lipite, de mare stabilitate, certificat<\/li><li>Geam triplu cu baghet\u0103 termic\u0103 Ug = 0.5<\/li><li>Garnitur\u0103 dubl\u0103 de cauciuc<\/li><li>Feronerie de securitate Roto NT basic \u0219i premium<\/li><li>Tratament de suprafa\u021b\u0103 cu o garan\u021bie de p\u00e2n\u0103 la 10 ani<\/li><li>Valoarea Uw = 0,85 \u2013 0,79<\/li><\/ul>\t\t\t\t\t\t<\/div>\n\t\t\t\t<\/div>\n\t\t\t\t\t<\/div>\n\t\t\t\t<\/div>\n\t\t<div class=\"elementor-element elementor-element-e4906c1 e-grid e-con-boxed e-con e-parent\" data-id=\"e4906c1\" data-element_type=\"container\" data-core-v316-plus=\"true\">\n\t\t\t\t\t<div class=\"e-con-inner\">\n\t\t\t\t<div class=\"elementor-element elementor-element-c3d47c4 elementor-widget elementor-widget-image\" data-id=\"c3d47c4\" data-element_type=\"widget\" data-widget_type=\"image.default\">\n\t\t\t\t<div class=\"elementor-widget-container\">\n\t\t\t\t\t\t\t\t\t\t\t\t\t<img loading=\"lazy\" decoding=\"async\" width=\"512\" height=\"512\" src=\"https:\/\/woodsense.ro\/wp-content\/uploads\/Innova-Protect-92-Standard.jpg\" class=\"attachment-full size-full wp-image-1863\" alt=\"\" srcset=\"https:\/\/woodsense.ro\/wp-content\/uploads\/Innova-Protect-92-Standard.jpg 512w, https:\/\/woodsense.ro\/wp-content\/uploads\/Innova-Protect-92-Standard-500x500.jpg 500w, https:\/\/woodsense.ro\/wp-content\/uploads\/Innova-Protect-92-Standard-300x300.jpg 300w, https:\/\/woodsense.ro\/wp-content\/uploads\/Innova-Protect-92-Standard-12x12.jpg 12w, https:\/\/woodsense.ro\/wp-content\/uploads\/Innova-Protect-92-Standard-150x150.jpg 150w, https:\/\/woodsense.ro\/wp-content\/uploads\/Innova-Protect-92-Standard-75x75.jpg 75w, https:\/\/woodsense.ro\/wp-content\/uploads\/Innova-Protect-92-Standard-480x480.jpg 480w\" sizes=\"(max-width:767px) 480px, 512px\" \/>\t\t\t\t\t\t\t\t\t\t\t\t\t<\/div>\n\t\t\t\t<\/div>\n\t\t\t\t<div class=\"elementor-element elementor-element-78758ab elementor-widget elementor-widget-text-editor\" data-id=\"78758ab\" data-element_type=\"widget\" data-widget_type=\"text-editor.default\">\n\t\t\t\t<div class=\"elementor-widget-container\">\n\t\t\t\t\t\t\t<h4>Innova Protect 92 Standard<\/h4><ul><li>Grosimea profilului 92 mm cu placare din aluminiu 109 mm<\/li><li>Material de baz\u0103 cu 4 straturi lipite, de mare stabilitate, certificat<\/li><li>Geam triplu cu baghet\u0103 termic\u0103 Ug= 0.6 \u2013 0.5<\/li><li>Garnitur\u0103 dubl\u0103 de cauciuc<\/li><li>Feronerie de securitate Roto NT basic \u0219i premium<\/li><li>Tratament de suprafa\u021b\u0103 cu o garan\u021bie de p\u00e2n\u0103 la 10 ani<\/li><li>Valoarea Uw = 0,85 \u2013 0,79<\/li><\/ul>\t\t\t\t\t\t<\/div>\n\t\t\t\t<\/div>\n\t\t\t\t\t<\/div>\n\t\t\t\t<\/div>\n\t\t<div class=\"elementor-element elementor-element-3d03ade e-grid e-con-boxed e-con e-parent\" data-id=\"3d03ade\" data-element_type=\"container\" data-core-v316-plus=\"true\">\n\t\t\t\t\t<div class=\"e-con-inner\">\n\t\t\t\t<div class=\"elementor-element elementor-element-bcd1aae elementor-widget elementor-widget-image\" data-id=\"bcd1aae\" data-element_type=\"widget\" data-widget_type=\"image.default\">\n\t\t\t\t<div class=\"elementor-widget-container\">\n\t\t\t\t\t\t\t\t\t\t\t\t\t<img loading=\"lazy\" decoding=\"async\" width=\"512\" height=\"512\" src=\"https:\/\/woodsense.ro\/wp-content\/uploads\/Innova-Protect-92-Cubic.jpg\" class=\"attachment-full size-full wp-image-1864\" alt=\"\" srcset=\"https:\/\/woodsense.ro\/wp-content\/uploads\/Innova-Protect-92-Cubic.jpg 512w, https:\/\/woodsense.ro\/wp-content\/uploads\/Innova-Protect-92-Cubic-500x500.jpg 500w, https:\/\/woodsense.ro\/wp-content\/uploads\/Innova-Protect-92-Cubic-300x300.jpg 300w, https:\/\/woodsense.ro\/wp-content\/uploads\/Innova-Protect-92-Cubic-12x12.jpg 12w, https:\/\/woodsense.ro\/wp-content\/uploads\/Innova-Protect-92-Cubic-150x150.jpg 150w, https:\/\/woodsense.ro\/wp-content\/uploads\/Innova-Protect-92-Cubic-75x75.jpg 75w, https:\/\/woodsense.ro\/wp-content\/uploads\/Innova-Protect-92-Cubic-480x480.jpg 480w\" sizes=\"(max-width:767px) 480px, 512px\" \/>\t\t\t\t\t\t\t\t\t\t\t\t\t<\/div>\n\t\t\t\t<\/div>\n\t\t\t\t<div class=\"elementor-element elementor-element-a6217d4 elementor-widget elementor-widget-text-editor\" data-id=\"a6217d4\" data-element_type=\"widget\" data-widget_type=\"text-editor.default\">\n\t\t\t\t<div class=\"elementor-widget-container\">\n\t\t\t\t\t\t\t<h4>Innova Protect 92 Cubic<\/h4><ul><li>Grosimea profilului 92 mm cu placare din aluminiu 109 mm<\/li><li>Material de baz\u0103 cu 4 straturi lipite, de mare stabilitate, certificat<\/li><li>Geam triplu cu baghet\u0103 termic\u0103 Ug= 0.6 \u2013 0.5<\/li><li>Garnitur\u0103 dubl\u0103 de cauciuc<\/li><li>Feronerie de securitate Roto NT basic \u0219i premium<\/li><li>Tratament de suprafa\u021b\u0103 cu o garan\u021bie de p\u00e2n\u0103 la 10 ani<\/li><li>Valoarea Uw = 0,85 \u2013 0,79<\/li><\/ul>\t\t\t\t\t\t<\/div>\n\t\t\t\t<\/div>\n\t\t\t\t\t<\/div>\n\t\t\t\t<\/div>\n\t\t\t\t<\/div>","protected":false},"excerpt":{"rendered":"<p>Innova Vision Protect A letisztult, formabont\u00f3 vonalvezet\u00e9s a fa, az \u00fcveg \u00e9s az alum\u00ednium egys\u00e9g\u00e9nek t\u00f6k\u00e9letes harmoniz\u00e1ci\u00f3j\u00e1n kereszt\u00fcl val\u00f3sul meg. A nagyobb \u00fcvegfel\u00fcletnek k\u00f6sz\u00f6nhet\u0151en be\u00e1raml\u00f3 t\u00f6bb<span class=\"excerpt-hellip\"> [\u2026]<\/span><\/p>","protected":false},"author":1,"featured_media":0,"parent":1727,"menu_order":0,"comment_status":"closed","ping_status":"closed","template":"elementor_header_footer","meta":{"footnotes":""},"class_list":["post-1840","page","type-page","status-publish","hentry"],"_links":{"self":[{"href":"https:\/\/woodsense.ro\/ro\/wp-json\/wp\/v2\/pages\/1840","targetHints":{"allow":["GET"]}}],"collection":[{"href":"https:\/\/woodsense.ro\/ro\/wp-json\/wp\/v2\/pages"}],"about":[{"href":"https:\/\/woodsense.ro\/ro\/wp-json\/wp\/v2\/types\/page"}],"author":[{"embeddable":true,"href":"https:\/\/woodsense.ro\/ro\/wp-json\/wp\/v2\/users\/1"}],"replies":[{"embeddable":true,"href":"https:\/\/woodsense.ro\/ro\/wp-json\/wp\/v2\/comments?post=1840"}],"version-history":[{"count":37,"href":"https:\/\/woodsense.ro\/ro\/wp-json\/wp\/v2\/pages\/1840\/revisions"}],"predecessor-version":[{"id":2864,"href":"https:\/\/woodsense.ro\/ro\/wp-json\/wp\/v2\/pages\/1840\/revisions\/2864"}],"up":[{"embeddable":true,"href":"https:\/\/woodsense.ro\/ro\/wp-json\/wp\/v2\/pages\/1727"}],"wp:attachment":[{"href":"https:\/\/woodsense.ro\/ro\/wp-json\/wp\/v2\/media?parent=1840"}],"curies":[{"name":"wp","href":"https:\/\/api.w.org\/{rel}","templated":true}]}}