{"id":1727,"date":"2023-09-28T10:38:12","date_gmt":"2023-09-28T07:38:12","guid":{"rendered":"https:\/\/woodsense.ro\/?page_id=1727"},"modified":"2023-11-10T12:38:06","modified_gmt":"2023-11-10T10:38:06","slug":"alu-fa-ablakok","status":"publish","type":"page","link":"https:\/\/woodsense.ro\/ro\/ablakok\/alu-fa-ablakok\/","title":{"rendered":"Ferestre Lemn \u2013 Alu"},"content":{"rendered":"<div data-elementor-type=\"wp-page\" data-elementor-id=\"1727\" class=\"elementor elementor-1727\" data-elementor-post-type=\"page\">\n\t\t\t\t<div class=\"elementor-element elementor-element-44ed8ee9 e-flex e-con-boxed e-con e-parent\" data-id=\"44ed8ee9\" data-element_type=\"container\" data-core-v316-plus=\"true\">\n\t\t\t\t\t<div class=\"e-con-inner\">\n\t\t\t\t<div class=\"elementor-element elementor-element-10370fdd elementor-widget elementor-widget-heading\" data-id=\"10370fdd\" data-element_type=\"widget\" data-widget_type=\"heading.default\">\n\t\t\t\t<div class=\"elementor-widget-container\">\n\t\t\t<style>\/*! elementor - v3.20.0 - 13-03-2024 *\/\n.elementor-heading-title{padding:0;margin:0;line-height:1}.elementor-widget-heading .elementor-heading-title[class*=elementor-size-]>a{color:inherit;font-size:inherit;line-height:inherit}.elementor-widget-heading .elementor-heading-title.elementor-size-small{font-size:15px}.elementor-widget-heading .elementor-heading-title.elementor-size-medium{font-size:19px}.elementor-widget-heading .elementor-heading-title.elementor-size-large{font-size:29px}.elementor-widget-heading .elementor-heading-title.elementor-size-xl{font-size:39px}.elementor-widget-heading .elementor-heading-title.elementor-size-xxl{font-size:59px}<\/style><h3 class=\"elementor-heading-title elementor-size-default\">Lemn \u2013 Alu<\/h3>\t\t<\/div>\n\t\t\t\t<\/div>\n\t\t\t\t<div class=\"elementor-element elementor-element-e000f5e elementor-widget elementor-widget-text-editor\" data-id=\"e000f5e\" data-element_type=\"widget\" data-widget_type=\"text-editor.default\">\n\t\t\t\t<div class=\"elementor-widget-container\">\n\t\t\t<style>\/*! elementor - v3.20.0 - 13-03-2024 *\/\n.elementor-widget-text-editor.elementor-drop-cap-view-stacked .elementor-drop-cap{background-color:#69727d;color:#fff}.elementor-widget-text-editor.elementor-drop-cap-view-framed .elementor-drop-cap{color:#69727d;border:3px solid;background-color:transparent}.elementor-widget-text-editor:not(.elementor-drop-cap-view-default) .elementor-drop-cap{margin-top:8px}.elementor-widget-text-editor:not(.elementor-drop-cap-view-default) .elementor-drop-cap-letter{width:1em;height:1em}.elementor-widget-text-editor .elementor-drop-cap{float:left;text-align:center;line-height:1;font-size:50px}.elementor-widget-text-editor .elementor-drop-cap-letter{display:inline-block}<\/style>\t\t\t\t<p>\u00cen armonie cu natura pentru o \u00eentreag\u0103 genera\u021bie. Produsele noastre LEMN-ALU combin\u0103 un design interior confortabil cu un exterior minimalist \u0219i atemporal. Lemnul de calitate creeaz\u0103 armonie \u00een interior, \u00een timp ce placarea din aluminiu de la exterior asigur\u0103 o durat\u0103 de via\u021b\u0103 lung\u0103 \u0219i o durabilitate puternic\u0103. Pe l\u00e2ng\u0103 aspectul premium, multiplele garnituri de cauciuc, solu\u021biile unice, geamurile izolate, finisajele sofisticate ale suprafe\u021belor ridic\u0103 produsele LEMN-ALU la categoria de lux.<\/p>\t\t\t\t\t\t<\/div>\n\t\t\t\t<\/div>\n\t\t\t\t\t<\/div>\n\t\t\t\t<\/div>\n\t\t<div class=\"elementor-element elementor-element-14f967a e-flex e-con-boxed e-con e-parent\" data-id=\"14f967a\" data-element_type=\"container\" data-core-v316-plus=\"true\">\n\t\t\t\t\t<div class=\"e-con-inner\">\n\t\t<div class=\"elementor-element elementor-element-5c7e3ca e-flex e-con-boxed e-con e-child\" data-id=\"5c7e3ca\" data-element_type=\"container\">\n\t\t\t\t\t<div class=\"e-con-inner\">\n\t\t\t\t<div class=\"elementor-element elementor-element-14d08db elementor-position-top elementor-widget elementor-widget-image-box\" data-id=\"14d08db\" data-element_type=\"widget\" data-widget_type=\"image-box.default\">\n\t\t\t\t<div class=\"elementor-widget-container\">\n\t\t\t<style>\/*! elementor - v3.20.0 - 13-03-2024 *\/\n.elementor-widget-image-box .elementor-image-box-content{width:100%}@media (min-width:768px){.elementor-widget-image-box.elementor-position-left .elementor-image-box-wrapper,.elementor-widget-image-box.elementor-position-right .elementor-image-box-wrapper{display:flex}.elementor-widget-image-box.elementor-position-right .elementor-image-box-wrapper{text-align:right;flex-direction:row-reverse}.elementor-widget-image-box.elementor-position-left .elementor-image-box-wrapper{text-align:left;flex-direction:row}.elementor-widget-image-box.elementor-position-top .elementor-image-box-img{margin:auto}.elementor-widget-image-box.elementor-vertical-align-top .elementor-image-box-wrapper{align-items:flex-start}.elementor-widget-image-box.elementor-vertical-align-middle .elementor-image-box-wrapper{align-items:center}.elementor-widget-image-box.elementor-vertical-align-bottom .elementor-image-box-wrapper{align-items:flex-end}}@media (max-width:767px){.elementor-widget-image-box .elementor-image-box-img{margin-left:auto!important;margin-right:auto!important;margin-bottom:15px}}.elementor-widget-image-box .elementor-image-box-img{display:inline-block}.elementor-widget-image-box .elementor-image-box-title a{color:inherit}.elementor-widget-image-box .elementor-image-box-wrapper{text-align:center}.elementor-widget-image-box .elementor-image-box-description{margin:0}<\/style><div class=\"elementor-image-box-wrapper\"><figure class=\"elementor-image-box-img\"><img fetchpriority=\"high\" decoding=\"async\" width=\"512\" height=\"512\" src=\"https:\/\/woodsense.ro\/wp-content\/uploads\/innova-vision_product.jpg\" class=\"attachment-full size-full wp-image-1674\" alt=\"\" srcset=\"https:\/\/woodsense.ro\/wp-content\/uploads\/innova-vision_product.jpg 512w, https:\/\/woodsense.ro\/wp-content\/uploads\/innova-vision_product-500x500.jpg 500w, https:\/\/woodsense.ro\/wp-content\/uploads\/innova-vision_product-300x300.jpg 300w, https:\/\/woodsense.ro\/wp-content\/uploads\/innova-vision_product-12x12.jpg 12w, https:\/\/woodsense.ro\/wp-content\/uploads\/innova-vision_product-150x150.jpg 150w, https:\/\/woodsense.ro\/wp-content\/uploads\/innova-vision_product-75x75.jpg 75w, https:\/\/woodsense.ro\/wp-content\/uploads\/innova-vision_product-480x480.jpg 480w\" sizes=\"(max-width:767px) 480px, 512px\" \/><\/figure><div class=\"elementor-image-box-content\"><h4 class=\"elementor-image-box-title\">Innova Vision<\/h4><p class=\"elementor-image-box-description\">Ramele foarte sub\u021biri \u0219i aspectul special oferit de suprafe\u021bele mai mari de sticl\u0103 ofer\u0103 avantaje at\u00e2t optice, c\u00e2t \u0219i energetice. Sistemul de scurgere integrat \u0219i protec\u021bia UV, feroneria ascuns\u0103, \u00eentre\u021binerea u\u0219oar\u0103 sunt o parte remarcabil\u0103 a excelen\u021bei inginere\u0219ti.<\/p><\/div><\/div>\t\t<\/div>\n\t\t\t\t<\/div>\n\t\t\t\t<div class=\"elementor-element elementor-element-9b8af15 elementor-align-center elementor-widget elementor-widget-button\" data-id=\"9b8af15\" data-element_type=\"widget\" data-widget_type=\"button.default\">\n\t\t\t\t<div class=\"elementor-widget-container\">\n\t\t\t\t\t<div class=\"elementor-button-wrapper\">\n\t\t\t<a class=\"elementor-button elementor-button-link elementor-size-sm\" href=\"https:\/\/woodsense.ro\/ro\/ablakok\/alu-fa-ablakok\/innova-vision\/\">\n\t\t\t\t\t\t<span class=\"elementor-button-content-wrapper\">\n\t\t\t\t\t\t<span class=\"elementor-button-text\">Afl\u0103 mai mult<\/span>\n\t\t<\/span>\n\t\t\t\t\t<\/a>\n\t\t<\/div>\n\t\t\t\t<\/div>\n\t\t\t\t<\/div>\n\t\t\t\t\t<\/div>\n\t\t\t\t<\/div>\n\t\t<div class=\"elementor-element elementor-element-1d1eb76 e-flex e-con-boxed e-con e-child\" data-id=\"1d1eb76\" data-element_type=\"container\">\n\t\t\t\t\t<div class=\"e-con-inner\">\n\t\t\t\t<div class=\"elementor-element elementor-element-c79e3da elementor-position-top elementor-widget elementor-widget-image-box\" data-id=\"c79e3da\" data-element_type=\"widget\" data-widget_type=\"image-box.default\">\n\t\t\t\t<div class=\"elementor-widget-container\">\n\t\t\t<div class=\"elementor-image-box-wrapper\"><figure class=\"elementor-image-box-img\"><img decoding=\"async\" width=\"512\" height=\"512\" src=\"https:\/\/woodsense.ro\/wp-content\/uploads\/innova-vision-hybrid-1.jpg\" class=\"attachment-full size-full wp-image-1675\" alt=\"\" srcset=\"https:\/\/woodsense.ro\/wp-content\/uploads\/innova-vision-hybrid-1.jpg 512w, https:\/\/woodsense.ro\/wp-content\/uploads\/innova-vision-hybrid-1-500x500.jpg 500w, https:\/\/woodsense.ro\/wp-content\/uploads\/innova-vision-hybrid-1-300x300.jpg 300w, https:\/\/woodsense.ro\/wp-content\/uploads\/innova-vision-hybrid-1-12x12.jpg 12w, https:\/\/woodsense.ro\/wp-content\/uploads\/innova-vision-hybrid-1-150x150.jpg 150w, https:\/\/woodsense.ro\/wp-content\/uploads\/innova-vision-hybrid-1-75x75.jpg 75w, https:\/\/woodsense.ro\/wp-content\/uploads\/innova-vision-hybrid-1-480x480.jpg 480w\" sizes=\"(max-width:767px) 480px, 512px\" \/><\/figure><div class=\"elementor-image-box-content\"><h4 class=\"elementor-image-box-title\">Innova Vision Hybrid<\/h4><p class=\"elementor-image-box-description\">Innova Vision Hybrid reprezint\u0103 v\u00e2rful ingineriei, unde atemporalitatea se \u00eent\u00e2lne\u0219te cu elegan\u021ba. Naturale\u021bea lemnului combinat\u0103 cu placarea din aluminiu ofer\u0103 protec\u021bie \u00eempotriva deterior\u0103rilor mecanice \u0219i a intemperiilor. Partea de lemn vizibil\u0103 la exterior poate fi complet ascuns\u0103 prin intermediul unei umbriri sau al unei izola\u021bii, astfel \u00eenc\u00e2t s\u0103 fie vizibil\u0103 doar placarea din aluminiu.<\/p><\/div><\/div>\t\t<\/div>\n\t\t\t\t<\/div>\n\t\t\t\t<div class=\"elementor-element elementor-element-0938ed4 elementor-align-center elementor-widget elementor-widget-button\" data-id=\"0938ed4\" data-element_type=\"widget\" data-widget_type=\"button.default\">\n\t\t\t\t<div class=\"elementor-widget-container\">\n\t\t\t\t\t<div class=\"elementor-button-wrapper\">\n\t\t\t<a class=\"elementor-button elementor-button-link elementor-size-sm\" href=\"https:\/\/woodsense.ro\/ro\/ablakok\/alu-fa-ablakok\/innova-vision-hybrid\/\">\n\t\t\t\t\t\t<span class=\"elementor-button-content-wrapper\">\n\t\t\t\t\t\t<span class=\"elementor-button-text\">Afl\u0103 mai mult<\/span>\n\t\t<\/span>\n\t\t\t\t\t<\/a>\n\t\t<\/div>\n\t\t\t\t<\/div>\n\t\t\t\t<\/div>\n\t\t\t\t\t<\/div>\n\t\t\t\t<\/div>\n\t\t<div class=\"elementor-element elementor-element-58b6842 e-flex e-con-boxed e-con e-child\" data-id=\"58b6842\" data-element_type=\"container\">\n\t\t\t\t\t<div class=\"e-con-inner\">\n\t\t\t\t<div class=\"elementor-element elementor-element-70279c4 elementor-position-top elementor-widget elementor-widget-image-box\" data-id=\"70279c4\" data-element_type=\"widget\" data-widget_type=\"image-box.default\">\n\t\t\t\t<div class=\"elementor-widget-container\">\n\t\t\t<div class=\"elementor-image-box-wrapper\"><figure class=\"elementor-image-box-img\"><img decoding=\"async\" width=\"512\" height=\"512\" src=\"https:\/\/woodsense.ro\/wp-content\/uploads\/innova-vision-protect_product.jpg\" class=\"attachment-full size-full wp-image-1676\" alt=\"\" srcset=\"https:\/\/woodsense.ro\/wp-content\/uploads\/innova-vision-protect_product.jpg 512w, https:\/\/woodsense.ro\/wp-content\/uploads\/innova-vision-protect_product-500x500.jpg 500w, https:\/\/woodsense.ro\/wp-content\/uploads\/innova-vision-protect_product-300x300.jpg 300w, https:\/\/woodsense.ro\/wp-content\/uploads\/innova-vision-protect_product-12x12.jpg 12w, https:\/\/woodsense.ro\/wp-content\/uploads\/innova-vision-protect_product-150x150.jpg 150w, https:\/\/woodsense.ro\/wp-content\/uploads\/innova-vision-protect_product-75x75.jpg 75w, https:\/\/woodsense.ro\/wp-content\/uploads\/innova-vision-protect_product-480x480.jpg 480w\" sizes=\"(max-width:767px) 480px, 512px\" \/><\/figure><div class=\"elementor-image-box-content\"><h4 class=\"elementor-image-box-title\">Innova Vision Protect<\/h4><p class=\"elementor-image-box-description\">Liniile curate \u0219i neconven\u021bionale sunt ob\u021binute prin armonizarea perfect\u0103 a lemnului, geamului \u0219i aluminiului. Suprafa\u021ba m\u0103rit\u0103 a geamului permite p\u0103trunderea unei cantit\u0103\u021bi mai mari de lumin\u0103, pentru o mai mare senza\u021bie de confort. Placarea din aluminiu ofer\u0103 protec\u021bie \u0219i o garan\u021bie de lung\u0103 durat\u0103 a frumuse\u021bii \u0219i durabilit\u0103\u021bii atemporale a ferestrei.<\/p><\/div><\/div>\t\t<\/div>\n\t\t\t\t<\/div>\n\t\t\t\t<div class=\"elementor-element elementor-element-af2677d elementor-align-center elementor-widget elementor-widget-button\" data-id=\"af2677d\" data-element_type=\"widget\" data-widget_type=\"button.default\">\n\t\t\t\t<div class=\"elementor-widget-container\">\n\t\t\t\t\t<div class=\"elementor-button-wrapper\">\n\t\t\t<a class=\"elementor-button elementor-button-link elementor-size-sm\" href=\"https:\/\/woodsense.ro\/ro\/ablakok\/alu-fa-ablakok\/innova-vision-protect\/\">\n\t\t\t\t\t\t<span class=\"elementor-button-content-wrapper\">\n\t\t\t\t\t\t<span class=\"elementor-button-text\">Afl\u0103 mai mult<\/span>\n\t\t<\/span>\n\t\t\t\t\t<\/a>\n\t\t<\/div>\n\t\t\t\t<\/div>\n\t\t\t\t<\/div>\n\t\t\t\t\t<\/div>\n\t\t\t\t<\/div>\n\t\t\t\t\t<\/div>\n\t\t\t\t<\/div>\n\t\t<div class=\"elementor-element elementor-element-77fec59 e-flex e-con-boxed e-con e-parent\" data-id=\"77fec59\" data-element_type=\"container\" data-core-v316-plus=\"true\">\n\t\t\t\t\t<div class=\"e-con-inner\">\n\t\t\t\t<div class=\"elementor-element elementor-element-4faa93f elementor-widget elementor-widget-heading\" data-id=\"4faa93f\" data-element_type=\"widget\" data-widget_type=\"heading.default\">\n\t\t\t\t<div class=\"elementor-widget-container\">\n\t\t\t<h3 class=\"elementor-heading-title elementor-size-default\">Ferestre Lemn - Alu Innova Vision Protect<\/h3>\t\t<\/div>\n\t\t\t\t<\/div>\n\t\t\t\t\t<\/div>\n\t\t\t\t<\/div>\n\t\t<div class=\"elementor-element elementor-element-1101edf e-flex e-con-boxed e-con e-parent\" data-id=\"1101edf\" data-element_type=\"container\" data-core-v316-plus=\"true\">\n\t\t\t\t\t<div class=\"e-con-inner\">\n\t\t<div class=\"elementor-element elementor-element-0d66ac0 e-flex e-con-boxed e-con e-child\" data-id=\"0d66ac0\" data-element_type=\"container\">\n\t\t\t\t\t<div class=\"e-con-inner\">\n\t\t\t\t<div class=\"elementor-element elementor-element-088033f elementor-position-top elementor-widget elementor-widget-image-box\" data-id=\"088033f\" data-element_type=\"widget\" data-widget_type=\"image-box.default\">\n\t\t\t\t<div class=\"elementor-widget-container\">\n\t\t\t<div class=\"elementor-image-box-wrapper\"><figure class=\"elementor-image-box-img\"><img loading=\"lazy\" decoding=\"async\" width=\"512\" height=\"512\" src=\"https:\/\/woodsense.ro\/wp-content\/uploads\/innova-protect-trend_protect.jpg\" class=\"attachment-full size-full wp-image-1677\" alt=\"\" srcset=\"https:\/\/woodsense.ro\/wp-content\/uploads\/innova-protect-trend_protect.jpg 512w, https:\/\/woodsense.ro\/wp-content\/uploads\/innova-protect-trend_protect-500x500.jpg 500w, https:\/\/woodsense.ro\/wp-content\/uploads\/innova-protect-trend_protect-300x300.jpg 300w, https:\/\/woodsense.ro\/wp-content\/uploads\/innova-protect-trend_protect-12x12.jpg 12w, https:\/\/woodsense.ro\/wp-content\/uploads\/innova-protect-trend_protect-150x150.jpg 150w, https:\/\/woodsense.ro\/wp-content\/uploads\/innova-protect-trend_protect-75x75.jpg 75w, https:\/\/woodsense.ro\/wp-content\/uploads\/innova-protect-trend_protect-480x480.jpg 480w\" sizes=\"(max-width:767px) 480px, 512px\" \/><\/figure><div class=\"elementor-image-box-content\"><h4 class=\"elementor-image-box-title\">Innova Protect Trend<\/h4><p class=\"elementor-image-box-description\">Cu liniile sale clare, curate \u0219i cu o estetic\u0103 de neegalat, se potrive\u0219te perfect chiar \u0219i cu cele mai moderne capodopere arhitecturale. Pentru cei care \u00ee\u0219i doresc ca aspectul natural al u\u0219ilor \u0219i ferestrelor din lemn s\u0103 le transforme locuin\u021ba \u00een una confortabil\u0103 \u0219i intim\u0103, recomand\u0103m placarea interioar\u0103 cu stejar.<\/p><\/div><\/div>\t\t<\/div>\n\t\t\t\t<\/div>\n\t\t\t\t<div class=\"elementor-element elementor-element-d9bc237 elementor-align-center elementor-widget elementor-widget-button\" data-id=\"d9bc237\" data-element_type=\"widget\" data-widget_type=\"button.default\">\n\t\t\t\t<div class=\"elementor-widget-container\">\n\t\t\t\t\t<div class=\"elementor-button-wrapper\">\n\t\t\t<a class=\"elementor-button elementor-button-link elementor-size-sm\" href=\"https:\/\/woodsense.ro\/ro\/ablakok\/alu-fa-ablakok\/innova-vision-protect\/#trend\">\n\t\t\t\t\t\t<span class=\"elementor-button-content-wrapper\">\n\t\t\t\t\t\t<span class=\"elementor-button-text\">Afl\u0103 mai mult<\/span>\n\t\t<\/span>\n\t\t\t\t\t<\/a>\n\t\t<\/div>\n\t\t\t\t<\/div>\n\t\t\t\t<\/div>\n\t\t\t\t\t<\/div>\n\t\t\t\t<\/div>\n\t\t<div class=\"elementor-element elementor-element-84e27e6 e-flex e-con-boxed e-con e-child\" data-id=\"84e27e6\" data-element_type=\"container\">\n\t\t\t\t\t<div class=\"e-con-inner\">\n\t\t\t\t<div class=\"elementor-element elementor-element-85dc50f elementor-position-top elementor-widget elementor-widget-image-box\" data-id=\"85dc50f\" data-element_type=\"widget\" data-widget_type=\"image-box.default\">\n\t\t\t\t<div class=\"elementor-widget-container\">\n\t\t\t<div class=\"elementor-image-box-wrapper\"><figure class=\"elementor-image-box-img\"><img loading=\"lazy\" decoding=\"async\" width=\"512\" height=\"512\" src=\"https:\/\/woodsense.ro\/wp-content\/uploads\/innova-protect-classic3-1.jpg\" class=\"attachment-full size-full wp-image-1679\" alt=\"\" srcset=\"https:\/\/woodsense.ro\/wp-content\/uploads\/innova-protect-classic3-1.jpg 512w, https:\/\/woodsense.ro\/wp-content\/uploads\/innova-protect-classic3-1-500x500.jpg 500w, https:\/\/woodsense.ro\/wp-content\/uploads\/innova-protect-classic3-1-300x300.jpg 300w, https:\/\/woodsense.ro\/wp-content\/uploads\/innova-protect-classic3-1-12x12.jpg 12w, https:\/\/woodsense.ro\/wp-content\/uploads\/innova-protect-classic3-1-150x150.jpg 150w, https:\/\/woodsense.ro\/wp-content\/uploads\/innova-protect-classic3-1-75x75.jpg 75w, https:\/\/woodsense.ro\/wp-content\/uploads\/innova-protect-classic3-1-480x480.jpg 480w\" sizes=\"(max-width:767px) 480px, 512px\" \/><\/figure><div class=\"elementor-image-box-content\"><h4 class=\"elementor-image-box-title\">Innova Protect Classic<\/h4><p class=\"elementor-image-box-description\">\u00cembin\u0103ri de col\u021b sudate. Nervuri mai puternice, aluminiu mai gros. Design cu \u00eenchidere exterioar\u0103 \u00een acela\u0219i plan. Element cu loc pentru fixare pervaz \u0219i garnitur\u0103 de col\u021b.<\/p><\/div><\/div>\t\t<\/div>\n\t\t\t\t<\/div>\n\t\t\t\t<div class=\"elementor-element elementor-element-0542748 elementor-align-center elementor-widget elementor-widget-button\" data-id=\"0542748\" data-element_type=\"widget\" data-widget_type=\"button.default\">\n\t\t\t\t<div class=\"elementor-widget-container\">\n\t\t\t\t\t<div class=\"elementor-button-wrapper\">\n\t\t\t<a class=\"elementor-button elementor-button-link elementor-size-sm\" href=\"https:\/\/woodsense.ro\/ro\/ablakok\/alu-fa-ablakok\/innova-vision-protect\/#classic\">\n\t\t\t\t\t\t<span class=\"elementor-button-content-wrapper\">\n\t\t\t\t\t\t<span class=\"elementor-button-text\">Afl\u0103 mai mult<\/span>\n\t\t<\/span>\n\t\t\t\t\t<\/a>\n\t\t<\/div>\n\t\t\t\t<\/div>\n\t\t\t\t<\/div>\n\t\t\t\t\t<\/div>\n\t\t\t\t<\/div>\n\t\t<div class=\"elementor-element elementor-element-bff80fc e-flex e-con-boxed e-con e-child\" data-id=\"bff80fc\" data-element_type=\"container\">\n\t\t\t\t\t<div class=\"e-con-inner\">\n\t\t\t\t\t<\/div>\n\t\t\t\t<\/div>\n\t\t\t\t\t<\/div>\n\t\t\t\t<\/div>\n\t\t\t\t<\/div>","protected":false},"excerpt":{"rendered":"<p>Fa &#8211; Alu Harm\u00f3ni\u00e1ban a term\u00e9szettel egy ember\u00f6lt\u0151n \u00e1t. A FA-ALU term\u00e9keink \u00f6tv\u00f6zik a hangulatos bels\u0151 designt a minim\u00e1l \u00e9s id\u0151t\u00e1ll\u00f3 k\u00fcls\u0151 oldali megjelen\u00e9ssel. A min\u0151s\u00e9gi<span class=\"excerpt-hellip\"> [\u2026]<\/span><\/p>","protected":false},"author":1,"featured_media":0,"parent":2172,"menu_order":0,"comment_status":"closed","ping_status":"closed","template":"elementor_header_footer","meta":{"footnotes":""},"class_list":["post-1727","page","type-page","status-publish","hentry"],"_links":{"self":[{"href":"https:\/\/woodsense.ro\/ro\/wp-json\/wp\/v2\/pages\/1727","targetHints":{"allow":["GET"]}}],"collection":[{"href":"https:\/\/woodsense.ro\/ro\/wp-json\/wp\/v2\/pages"}],"about":[{"href":"https:\/\/woodsense.ro\/ro\/wp-json\/wp\/v2\/types\/page"}],"author":[{"embeddable":true,"href":"https:\/\/woodsense.ro\/ro\/wp-json\/wp\/v2\/users\/1"}],"replies":[{"embeddable":true,"href":"https:\/\/woodsense.ro\/ro\/wp-json\/wp\/v2\/comments?post=1727"}],"version-history":[{"count":77,"href":"https:\/\/woodsense.ro\/ro\/wp-json\/wp\/v2\/pages\/1727\/revisions"}],"predecessor-version":[{"id":2941,"href":"https:\/\/woodsense.ro\/ro\/wp-json\/wp\/v2\/pages\/1727\/revisions\/2941"}],"up":[{"embeddable":true,"href":"https:\/\/woodsense.ro\/ro\/wp-json\/wp\/v2\/pages\/2172"}],"wp:attachment":[{"href":"https:\/\/woodsense.ro\/ro\/wp-json\/wp\/v2\/media?parent=1727"}],"curies":[{"name":"wp","href":"https:\/\/api.w.org\/{rel}","templated":true}]}}