{"id":1667,"date":"2023-09-28T10:04:56","date_gmt":"2023-09-28T07:04:56","guid":{"rendered":"https:\/\/woodsense.ro\/?page_id=1667"},"modified":"2023-11-09T17:48:34","modified_gmt":"2023-11-09T15:48:34","slug":"ferestre-clasice-din-lemn","status":"publish","type":"page","link":"https:\/\/woodsense.ro\/ro\/ablakok\/ferestre-clasice-din-lemn\/","title":{"rendered":"Ferestre clasice din lemn"},"content":{"rendered":"<div data-elementor-type=\"wp-page\" data-elementor-id=\"1667\" class=\"elementor elementor-1667\" data-elementor-post-type=\"page\">\n\t\t\t\t<div class=\"elementor-element elementor-element-2c25769 e-flex e-con-boxed e-con e-parent\" data-id=\"2c25769\" data-element_type=\"container\" data-core-v316-plus=\"true\">\n\t\t\t\t\t<div class=\"e-con-inner\">\n\t\t\t\t<div class=\"elementor-element elementor-element-92cc830 elementor-widget elementor-widget-heading\" data-id=\"92cc830\" data-element_type=\"widget\" data-widget_type=\"heading.default\">\n\t\t\t\t<div class=\"elementor-widget-container\">\n\t\t\t<style>\/*! elementor - v3.20.0 - 13-03-2024 *\/\n.elementor-heading-title{padding:0;margin:0;line-height:1}.elementor-widget-heading .elementor-heading-title[class*=elementor-size-]>a{color:inherit;font-size:inherit;line-height:inherit}.elementor-widget-heading .elementor-heading-title.elementor-size-small{font-size:15px}.elementor-widget-heading .elementor-heading-title.elementor-size-medium{font-size:19px}.elementor-widget-heading .elementor-heading-title.elementor-size-large{font-size:29px}.elementor-widget-heading .elementor-heading-title.elementor-size-xl{font-size:39px}.elementor-widget-heading .elementor-heading-title.elementor-size-xxl{font-size:59px}<\/style><h3 class=\"elementor-heading-title elementor-size-default\">Avantajele si efectele ferestrelor din lemn<\/h3>\t\t<\/div>\n\t\t\t\t<\/div>\n\t\t\t\t\t<\/div>\n\t\t\t\t<\/div>\n\t\t<div class=\"elementor-element elementor-element-1a14e32 e-grid e-con-boxed e-con e-parent\" data-id=\"1a14e32\" data-element_type=\"container\" data-core-v316-plus=\"true\">\n\t\t\t\t\t<div class=\"e-con-inner\">\n\t\t\t\t<div class=\"elementor-element elementor-element-6ab1c17 elementor-position-top elementor-widget elementor-widget-image-box\" data-id=\"6ab1c17\" data-element_type=\"widget\" data-widget_type=\"image-box.default\">\n\t\t\t\t<div class=\"elementor-widget-container\">\n\t\t\t<style>\/*! elementor - v3.20.0 - 13-03-2024 *\/\n.elementor-widget-image-box .elementor-image-box-content{width:100%}@media (min-width:768px){.elementor-widget-image-box.elementor-position-left .elementor-image-box-wrapper,.elementor-widget-image-box.elementor-position-right .elementor-image-box-wrapper{display:flex}.elementor-widget-image-box.elementor-position-right .elementor-image-box-wrapper{text-align:right;flex-direction:row-reverse}.elementor-widget-image-box.elementor-position-left .elementor-image-box-wrapper{text-align:left;flex-direction:row}.elementor-widget-image-box.elementor-position-top .elementor-image-box-img{margin:auto}.elementor-widget-image-box.elementor-vertical-align-top .elementor-image-box-wrapper{align-items:flex-start}.elementor-widget-image-box.elementor-vertical-align-middle .elementor-image-box-wrapper{align-items:center}.elementor-widget-image-box.elementor-vertical-align-bottom .elementor-image-box-wrapper{align-items:flex-end}}@media (max-width:767px){.elementor-widget-image-box .elementor-image-box-img{margin-left:auto!important;margin-right:auto!important;margin-bottom:15px}}.elementor-widget-image-box .elementor-image-box-img{display:inline-block}.elementor-widget-image-box .elementor-image-box-title a{color:inherit}.elementor-widget-image-box .elementor-image-box-wrapper{text-align:center}.elementor-widget-image-box .elementor-image-box-description{margin:0}<\/style><div class=\"elementor-image-box-wrapper\"><figure class=\"elementor-image-box-img\"><img fetchpriority=\"high\" decoding=\"async\" width=\"512\" height=\"512\" src=\"https:\/\/woodsense.ro\/wp-content\/uploads\/izolatie-termica.jpg\" class=\"attachment-full size-full wp-image-1669\" alt=\"\" srcset=\"https:\/\/woodsense.ro\/wp-content\/uploads\/izolatie-termica.jpg 512w, https:\/\/woodsense.ro\/wp-content\/uploads\/izolatie-termica-500x500.jpg 500w, https:\/\/woodsense.ro\/wp-content\/uploads\/izolatie-termica-300x300.jpg 300w, https:\/\/woodsense.ro\/wp-content\/uploads\/izolatie-termica-12x12.jpg 12w, https:\/\/woodsense.ro\/wp-content\/uploads\/izolatie-termica-150x150.jpg 150w, https:\/\/woodsense.ro\/wp-content\/uploads\/izolatie-termica-75x75.jpg 75w, https:\/\/woodsense.ro\/wp-content\/uploads\/izolatie-termica-480x480.jpg 480w\" sizes=\"(max-width:767px) 480px, 512px\" \/><\/figure><div class=\"elementor-image-box-content\"><h4 class=\"elementor-image-box-title\">Izola\u021bie termic\u0103<\/h4><p class=\"elementor-image-box-description\">Ferestrele moderne din lemn sunt \u00een prezent fabricate din lemn stratificat, un proces care spore\u0219te \u0219i mai mult propriet\u0103\u021bile de izolare termic\u0103 ale lemnului.<\/p><\/div><\/div>\t\t<\/div>\n\t\t\t\t<\/div>\n\t\t\t\t<div class=\"elementor-element elementor-element-79a79de elementor-position-top elementor-widget elementor-widget-image-box\" data-id=\"79a79de\" data-element_type=\"widget\" data-widget_type=\"image-box.default\">\n\t\t\t\t<div class=\"elementor-widget-container\">\n\t\t\t<div class=\"elementor-image-box-wrapper\"><figure class=\"elementor-image-box-img\"><img decoding=\"async\" width=\"512\" height=\"512\" src=\"https:\/\/woodsense.ro\/wp-content\/uploads\/10-eco.jpg\" class=\"attachment-full size-full wp-image-1670\" alt=\"\" srcset=\"https:\/\/woodsense.ro\/wp-content\/uploads\/10-eco.jpg 512w, https:\/\/woodsense.ro\/wp-content\/uploads\/10-eco-500x500.jpg 500w, https:\/\/woodsense.ro\/wp-content\/uploads\/10-eco-300x300.jpg 300w, https:\/\/woodsense.ro\/wp-content\/uploads\/10-eco-12x12.jpg 12w, https:\/\/woodsense.ro\/wp-content\/uploads\/10-eco-150x150.jpg 150w, https:\/\/woodsense.ro\/wp-content\/uploads\/10-eco-75x75.jpg 75w, https:\/\/woodsense.ro\/wp-content\/uploads\/10-eco-480x480.jpg 480w\" sizes=\"(max-width:767px) 480px, 512px\" \/><\/figure><div class=\"elementor-image-box-content\"><h4 class=\"elementor-image-box-title\">100% ECO<\/h4><p class=\"elementor-image-box-description\">Realizate din materiale naturale \u0219i sustenabile, nu emit substan\u021be nocive \u00een atmosfer\u0103 sau \u00een interiorul locuin\u021bei.<\/p><\/div><\/div>\t\t<\/div>\n\t\t\t\t<\/div>\n\t\t\t\t<div class=\"elementor-element elementor-element-8a8c410 elementor-position-top elementor-widget elementor-widget-image-box\" data-id=\"8a8c410\" data-element_type=\"widget\" data-widget_type=\"image-box.default\">\n\t\t\t\t<div class=\"elementor-widget-container\">\n\t\t\t<div class=\"elementor-image-box-wrapper\"><figure class=\"elementor-image-box-img\"><img decoding=\"async\" width=\"512\" height=\"512\" src=\"https:\/\/woodsense.ro\/wp-content\/uploads\/design-unic-si-personalizat.jpg\" class=\"attachment-full size-full wp-image-1671\" alt=\"\" srcset=\"https:\/\/woodsense.ro\/wp-content\/uploads\/design-unic-si-personalizat.jpg 512w, https:\/\/woodsense.ro\/wp-content\/uploads\/design-unic-si-personalizat-500x500.jpg 500w, https:\/\/woodsense.ro\/wp-content\/uploads\/design-unic-si-personalizat-300x300.jpg 300w, https:\/\/woodsense.ro\/wp-content\/uploads\/design-unic-si-personalizat-12x12.jpg 12w, https:\/\/woodsense.ro\/wp-content\/uploads\/design-unic-si-personalizat-150x150.jpg 150w, https:\/\/woodsense.ro\/wp-content\/uploads\/design-unic-si-personalizat-75x75.jpg 75w, https:\/\/woodsense.ro\/wp-content\/uploads\/design-unic-si-personalizat-480x480.jpg 480w\" sizes=\"(max-width:767px) 480px, 512px\" \/><\/figure><div class=\"elementor-image-box-content\"><h4 class=\"elementor-image-box-title\">Design unis \u0219i personalizat<\/h4><p class=\"elementor-image-box-description\">Ferestrele din lemn pot fi proiectate \u00eentr-o varietate de stiluri, ceea ce le face u\u0219or de adaptat la o cl\u0103dire istoric\u0103 sau chiar la o cas\u0103.<\/p><\/div><\/div>\t\t<\/div>\n\t\t\t\t<\/div>\n\t\t\t\t\t<\/div>\n\t\t\t\t<\/div>\n\t\t<div class=\"elementor-element elementor-element-4d5a92e e-flex e-con-boxed e-con e-parent\" data-id=\"4d5a92e\" data-element_type=\"container\" data-core-v316-plus=\"true\">\n\t\t\t\t\t<div class=\"e-con-inner\">\n\t\t\t\t<div class=\"elementor-element elementor-element-8b1923b elementor-widget elementor-widget-text-editor\" data-id=\"8b1923b\" data-element_type=\"widget\" data-widget_type=\"text-editor.default\">\n\t\t\t\t<div class=\"elementor-widget-container\">\n\t\t\t<style>\/*! elementor - v3.20.0 - 13-03-2024 *\/\n.elementor-widget-text-editor.elementor-drop-cap-view-stacked .elementor-drop-cap{background-color:#69727d;color:#fff}.elementor-widget-text-editor.elementor-drop-cap-view-framed .elementor-drop-cap{color:#69727d;border:3px solid;background-color:transparent}.elementor-widget-text-editor:not(.elementor-drop-cap-view-default) .elementor-drop-cap{margin-top:8px}.elementor-widget-text-editor:not(.elementor-drop-cap-view-default) .elementor-drop-cap-letter{width:1em;height:1em}.elementor-widget-text-editor .elementor-drop-cap{float:left;text-align:center;line-height:1;font-size:50px}.elementor-widget-text-editor .elementor-drop-cap-letter{display:inline-block}<\/style>\t\t\t\t<p>Gama de ferestre din lemn este dotat\u0103 cu l\u0103crimare \u0219i acoperitoare de cercevea din aluminiu rezistent la intemperii, pentru a asigura o durat\u0103 lung\u0103 de via\u021b\u0103 cu o \u00eentre\u021binere minim\u0103. Materialele de calitate utilizate asigur\u0103 armonia interioar\u0103 \u0219i ofer\u0103 un design pl\u0103cut \u0219i atractiv. Geamurile termoizolante, multiplele garnituri de cauciuc asigur\u0103 o etan\u0219are impecabil\u0103 fa\u021b\u0103 de v\u00e2nt. Ferestrele sunt echipate cu feronerie Roto, cu \u00eenchidere \u00een mai multe puncte, fiind excelente \u0219i din punct de vedere al securit\u0103\u021bii.<\/p>\t\t\t\t\t\t<\/div>\n\t\t\t\t<\/div>\n\t\t\t\t<div class=\"elementor-element elementor-element-377f3ca elementor-widget elementor-widget-heading\" data-id=\"377f3ca\" data-element_type=\"widget\" data-widget_type=\"heading.default\">\n\t\t\t\t<div class=\"elementor-widget-container\">\n\t\t\t<h3 class=\"elementor-heading-title elementor-size-default\">Ferestre clasice din lemn<\/h3>\t\t<\/div>\n\t\t\t\t<\/div>\n\t\t\t\t\t<\/div>\n\t\t\t\t<\/div>\n\t\t<div class=\"elementor-element elementor-element-014f524 e-grid e-con-boxed e-con e-parent\" data-id=\"014f524\" data-element_type=\"container\" data-core-v316-plus=\"true\">\n\t\t\t\t\t<div class=\"e-con-inner\">\n\t\t\t\t<div class=\"elementor-element elementor-element-2f15527 elementor-widget elementor-widget-image\" data-id=\"2f15527\" data-element_type=\"widget\" data-widget_type=\"image.default\">\n\t\t\t\t<div class=\"elementor-widget-container\">\n\t\t\t<style>\/*! elementor - v3.20.0 - 13-03-2024 *\/\n.elementor-widget-image{text-align:center}.elementor-widget-image a{display:inline-block}.elementor-widget-image a img[src$=\".svg\"]{width:48px}.elementor-widget-image img{vertical-align:middle;display:inline-block}<\/style>\t\t\t\t\t\t\t\t\t\t<img loading=\"lazy\" decoding=\"async\" width=\"512\" height=\"512\" src=\"https:\/\/woodsense.ro\/wp-content\/uploads\/Style-68_product.jpg\" class=\"attachment-large size-large wp-image-1672\" alt=\"\" srcset=\"https:\/\/woodsense.ro\/wp-content\/uploads\/Style-68_product.jpg 512w, https:\/\/woodsense.ro\/wp-content\/uploads\/Style-68_product-500x500.jpg 500w, https:\/\/woodsense.ro\/wp-content\/uploads\/Style-68_product-300x300.jpg 300w, https:\/\/woodsense.ro\/wp-content\/uploads\/Style-68_product-12x12.jpg 12w, https:\/\/woodsense.ro\/wp-content\/uploads\/Style-68_product-150x150.jpg 150w, https:\/\/woodsense.ro\/wp-content\/uploads\/Style-68_product-75x75.jpg 75w, https:\/\/woodsense.ro\/wp-content\/uploads\/Style-68_product-480x480.jpg 480w\" sizes=\"(max-width:767px) 480px, 512px\" \/>\t\t\t\t\t\t\t\t\t\t\t\t\t<\/div>\n\t\t\t\t<\/div>\n\t\t\t\t<div class=\"elementor-element elementor-element-b0bd5a0 elementor-widget elementor-widget-text-editor\" data-id=\"b0bd5a0\" data-element_type=\"widget\" data-widget_type=\"text-editor.default\">\n\t\t\t\t<div class=\"elementor-widget-container\">\n\t\t\t\t\t\t\t<h3>Style 68<\/h3><p>Reprezint\u0103 nivelul de intrare \u00een lumea ferestrelor lemn. Comercializat pe scar\u0103 larg\u0103 pentru pre\u021bul s\u0103u sc\u0103zut. Designul s\u0103u excelent \u00eel face o solu\u021bie simpl\u0103, dar excelent\u0103.<\/p><ul><li>Grosimea profilului 68 mm<\/li><li>Material de baz\u0103 cu 3 straturi lipite, de mare stabilitate, certificat<\/li><li>Geam dublu cu baghet\u0103 termic\u0103 Ug = 1,0<\/li><li>Garnitur\u0103 dubl\u0103 de cauciuc<\/li><li>Feronerie de securitate Roto basic<\/li><li>Tratament de suprafa\u021b\u0103 cu garan\u021bie de 2 ani<\/li><li>Valoarea Uw = 1,32<\/li><\/ul>\t\t\t\t\t\t<\/div>\n\t\t\t\t<\/div>\n\t\t\t\t\t<\/div>\n\t\t\t\t<\/div>\n\t\t<div class=\"elementor-element elementor-element-9e16465 e-grid e-con-boxed e-con e-parent\" data-id=\"9e16465\" data-element_type=\"container\" data-core-v316-plus=\"true\">\n\t\t\t\t\t<div class=\"e-con-inner\">\n\t\t\t\t<div class=\"elementor-element elementor-element-a397850 elementor-widget elementor-widget-image\" data-id=\"a397850\" data-element_type=\"widget\" data-widget_type=\"image.default\">\n\t\t\t\t<div class=\"elementor-widget-container\">\n\t\t\t\t\t\t\t\t\t\t\t\t\t<img loading=\"lazy\" decoding=\"async\" width=\"512\" height=\"512\" src=\"https:\/\/woodsense.ro\/wp-content\/uploads\/Style-92_product.jpg\" class=\"attachment-large size-large wp-image-1673\" alt=\"\" srcset=\"https:\/\/woodsense.ro\/wp-content\/uploads\/Style-92_product.jpg 512w, https:\/\/woodsense.ro\/wp-content\/uploads\/Style-92_product-500x500.jpg 500w, https:\/\/woodsense.ro\/wp-content\/uploads\/Style-92_product-300x300.jpg 300w, https:\/\/woodsense.ro\/wp-content\/uploads\/Style-92_product-12x12.jpg 12w, https:\/\/woodsense.ro\/wp-content\/uploads\/Style-92_product-150x150.jpg 150w, https:\/\/woodsense.ro\/wp-content\/uploads\/Style-92_product-75x75.jpg 75w, https:\/\/woodsense.ro\/wp-content\/uploads\/Style-92_product-480x480.jpg 480w\" sizes=\"(max-width:767px) 480px, 512px\" \/>\t\t\t\t\t\t\t\t\t\t\t\t\t<\/div>\n\t\t\t\t<\/div>\n\t\t\t\t<div class=\"elementor-element elementor-element-7984e28 elementor-widget elementor-widget-text-editor\" data-id=\"7984e28\" data-element_type=\"widget\" data-widget_type=\"text-editor.default\">\n\t\t\t\t<div class=\"elementor-widget-container\">\n\t\t\t\t\t\t\t<h3>Style 92<\/h3><p>Regele ne\u00eencoronat al categoriei!<br \/>Izola\u021bie fonic\u0103 \u0219i termic\u0103 excelent\u0103, produs exclusivist, de \u00eenalt\u0103 calitate!<\/p><ul><li>Grosimea profilului 92 mm<\/li><li>Material de baz\u0103 cu 4 straturi lipite, de mare stabilitate, certificat<\/li><li>Geam triplu cu baghet\u0103 termic\u0103 Ug= 0.6 \u2013 0.5<\/li><li>Garnitur\u0103 dubl\u0103 de cauciuc<\/li><li>Feronerie de securitate Roto basic<\/li><li>Tratament de suprafa\u021b\u0103 cu garan\u021bie de 2 ani<\/li><li>Valoarea Uw = 0,84 - 0,78<\/li><\/ul>\t\t\t\t\t\t<\/div>\n\t\t\t\t<\/div>\n\t\t\t\t\t<\/div>\n\t\t\t\t<\/div>\n\t\t\t\t<\/div>","protected":false},"excerpt":{"rendered":"<p>Fa ablakok el\u0151nyei \u00e9s hat\u00e1sai H\u0151szigetel\u00e9s A modern fa ablakok m\u00e1r r\u00e9tegelt f\u00e1b\u00f3l k\u00e9sz\u00fclnek, \u00e9s ez az elj\u00e1r\u00e1s tov\u00e1bb n\u00f6veli a fa h\u0151szigetel\u0151 k\u00e9pess\u00e9g\u00e9t. 100% ECO<span class=\"excerpt-hellip\"> [\u2026]<\/span><\/p>","protected":false},"author":1,"featured_media":0,"parent":2172,"menu_order":0,"comment_status":"closed","ping_status":"closed","template":"elementor_header_footer","meta":{"footnotes":""},"class_list":["post-1667","page","type-page","status-publish","hentry"],"_links":{"self":[{"href":"https:\/\/woodsense.ro\/ro\/wp-json\/wp\/v2\/pages\/1667","targetHints":{"allow":["GET"]}}],"collection":[{"href":"https:\/\/woodsense.ro\/ro\/wp-json\/wp\/v2\/pages"}],"about":[{"href":"https:\/\/woodsense.ro\/ro\/wp-json\/wp\/v2\/types\/page"}],"author":[{"embeddable":true,"href":"https:\/\/woodsense.ro\/ro\/wp-json\/wp\/v2\/users\/1"}],"replies":[{"embeddable":true,"href":"https:\/\/woodsense.ro\/ro\/wp-json\/wp\/v2\/comments?post=1667"}],"version-history":[{"count":71,"href":"https:\/\/woodsense.ro\/ro\/wp-json\/wp\/v2\/pages\/1667\/revisions"}],"predecessor-version":[{"id":2825,"href":"https:\/\/woodsense.ro\/ro\/wp-json\/wp\/v2\/pages\/1667\/revisions\/2825"}],"up":[{"embeddable":true,"href":"https:\/\/woodsense.ro\/ro\/wp-json\/wp\/v2\/pages\/2172"}],"wp:attachment":[{"href":"https:\/\/woodsense.ro\/ro\/wp-json\/wp\/v2\/media?parent=1667"}],"curies":[{"name":"wp","href":"https:\/\/api.w.org\/{rel}","templated":true}]}}