{"id":1602,"date":"2023-09-26T14:33:59","date_gmt":"2023-09-26T11:33:59","guid":{"rendered":"https:\/\/woodsense.ro\/?page_id=1602"},"modified":"2023-11-10T11:17:00","modified_gmt":"2023-11-10T09:17:00","slug":"termekek","status":"publish","type":"page","link":"https:\/\/woodsense.ro\/ro\/termekek\/","title":{"rendered":"Produse"},"content":{"rendered":"<div data-elementor-type=\"wp-page\" data-elementor-id=\"1602\" class=\"elementor elementor-1602\" data-elementor-post-type=\"page\">\n\t\t\t\t<div class=\"elementor-element elementor-element-c0bb64c e-grid e-con-boxed e-con e-parent\" data-id=\"c0bb64c\" data-element_type=\"container\" data-core-v316-plus=\"true\">\n\t\t\t\t\t<div class=\"e-con-inner\">\n\t\t\t\t<div class=\"elementor-element elementor-element-9d6a366 termek elementor-position-top elementor-widget elementor-widget-image-box\" data-id=\"9d6a366\" data-element_type=\"widget\" data-widget_type=\"image-box.default\">\n\t\t\t\t<div class=\"elementor-widget-container\">\n\t\t\t<style>\/*! elementor - v3.20.0 - 13-03-2024 *\/\n.elementor-widget-image-box .elementor-image-box-content{width:100%}@media (min-width:768px){.elementor-widget-image-box.elementor-position-left .elementor-image-box-wrapper,.elementor-widget-image-box.elementor-position-right .elementor-image-box-wrapper{display:flex}.elementor-widget-image-box.elementor-position-right .elementor-image-box-wrapper{text-align:right;flex-direction:row-reverse}.elementor-widget-image-box.elementor-position-left .elementor-image-box-wrapper{text-align:left;flex-direction:row}.elementor-widget-image-box.elementor-position-top .elementor-image-box-img{margin:auto}.elementor-widget-image-box.elementor-vertical-align-top .elementor-image-box-wrapper{align-items:flex-start}.elementor-widget-image-box.elementor-vertical-align-middle .elementor-image-box-wrapper{align-items:center}.elementor-widget-image-box.elementor-vertical-align-bottom .elementor-image-box-wrapper{align-items:flex-end}}@media (max-width:767px){.elementor-widget-image-box .elementor-image-box-img{margin-left:auto!important;margin-right:auto!important;margin-bottom:15px}}.elementor-widget-image-box .elementor-image-box-img{display:inline-block}.elementor-widget-image-box .elementor-image-box-title a{color:inherit}.elementor-widget-image-box .elementor-image-box-wrapper{text-align:center}.elementor-widget-image-box .elementor-image-box-description{margin:0}<\/style><div class=\"elementor-image-box-wrapper\"><figure class=\"elementor-image-box-img\"><a href=\"https:\/\/woodsense.ro\/ro\/ablakok\/\" tabindex=\"-1\"><img fetchpriority=\"high\" decoding=\"async\" width=\"1000\" height=\"800\" src=\"https:\/\/woodsense.ro\/wp-content\/uploads\/ferestre-din-lemn.jpg\" class=\"attachment-full size-full wp-image-1608\" alt=\"\" srcset=\"https:\/\/woodsense.ro\/wp-content\/uploads\/ferestre-din-lemn.jpg 1000w, https:\/\/woodsense.ro\/wp-content\/uploads\/ferestre-din-lemn-500x400.jpg 500w, https:\/\/woodsense.ro\/wp-content\/uploads\/ferestre-din-lemn-300x240.jpg 300w, https:\/\/woodsense.ro\/wp-content\/uploads\/ferestre-din-lemn-768x614.jpg 768w, https:\/\/woodsense.ro\/wp-content\/uploads\/ferestre-din-lemn-15x12.jpg 15w, https:\/\/woodsense.ro\/wp-content\/uploads\/ferestre-din-lemn-94x75.jpg 94w, https:\/\/woodsense.ro\/wp-content\/uploads\/ferestre-din-lemn-480x384.jpg 480w\" sizes=\"(max-width:767px) 480px, (max-width:1000px) 100vw, 1000px\" \/><\/a><\/figure><div class=\"elementor-image-box-content\"><h3 class=\"elementor-image-box-title\"><a href=\"https:\/\/woodsense.ro\/ro\/ablakok\/\">Ferestre<\/a><\/h3><\/div><\/div>\t\t<\/div>\n\t\t\t\t<\/div>\n\t\t\t\t<div class=\"elementor-element elementor-element-d01383b termek elementor-hidden-desktop elementor-hidden-tablet elementor-hidden-mobile elementor-position-top elementor-widget elementor-widget-image-box\" data-id=\"d01383b\" data-element_type=\"widget\" data-widget_type=\"image-box.default\">\n\t\t\t\t<div class=\"elementor-widget-container\">\n\t\t\t<div class=\"elementor-image-box-wrapper\"><figure class=\"elementor-image-box-img\"><a href=\"https:\/\/woodsense.ro\/ro\/obloane-din-lemn\/\" tabindex=\"-1\"><img decoding=\"async\" width=\"1000\" height=\"800\" src=\"https:\/\/woodsense.ro\/wp-content\/uploads\/Obloane-din-lemn.jpg\" class=\"attachment-full size-full wp-image-1614\" alt=\"\" srcset=\"https:\/\/woodsense.ro\/wp-content\/uploads\/Obloane-din-lemn.jpg 1000w, https:\/\/woodsense.ro\/wp-content\/uploads\/Obloane-din-lemn-500x400.jpg 500w, https:\/\/woodsense.ro\/wp-content\/uploads\/Obloane-din-lemn-300x240.jpg 300w, https:\/\/woodsense.ro\/wp-content\/uploads\/Obloane-din-lemn-768x614.jpg 768w, https:\/\/woodsense.ro\/wp-content\/uploads\/Obloane-din-lemn-15x12.jpg 15w, https:\/\/woodsense.ro\/wp-content\/uploads\/Obloane-din-lemn-94x75.jpg 94w, https:\/\/woodsense.ro\/wp-content\/uploads\/Obloane-din-lemn-480x384.jpg 480w\" sizes=\"(max-width:767px) 480px, (max-width:1000px) 100vw, 1000px\" \/><\/a><\/figure><div class=\"elementor-image-box-content\"><h3 class=\"elementor-image-box-title\"><a href=\"https:\/\/woodsense.ro\/ro\/obloane-din-lemn\/\">Obloane din lemn<\/a><\/h3><\/div><\/div>\t\t<\/div>\n\t\t\t\t<\/div>\n\t\t\t\t<div class=\"elementor-element elementor-element-8481c61 termek elementor-position-top elementor-widget elementor-widget-image-box\" data-id=\"8481c61\" data-element_type=\"widget\" data-widget_type=\"image-box.default\">\n\t\t\t\t<div class=\"elementor-widget-container\">\n\t\t\t<div class=\"elementor-image-box-wrapper\"><figure class=\"elementor-image-box-img\"><a href=\"https:\/\/woodsense.ro\/ro\/bejarati-ajtok\/\" tabindex=\"-1\"><img decoding=\"async\" width=\"1000\" height=\"800\" src=\"https:\/\/woodsense.ro\/wp-content\/uploads\/usi-de-intrare.jpg\" class=\"attachment-full size-full wp-image-1615\" alt=\"\" srcset=\"https:\/\/woodsense.ro\/wp-content\/uploads\/usi-de-intrare.jpg 1000w, https:\/\/woodsense.ro\/wp-content\/uploads\/usi-de-intrare-500x400.jpg 500w, https:\/\/woodsense.ro\/wp-content\/uploads\/usi-de-intrare-300x240.jpg 300w, https:\/\/woodsense.ro\/wp-content\/uploads\/usi-de-intrare-768x614.jpg 768w, https:\/\/woodsense.ro\/wp-content\/uploads\/usi-de-intrare-15x12.jpg 15w, https:\/\/woodsense.ro\/wp-content\/uploads\/usi-de-intrare-94x75.jpg 94w, https:\/\/woodsense.ro\/wp-content\/uploads\/usi-de-intrare-480x384.jpg 480w\" sizes=\"(max-width:767px) 480px, (max-width:1000px) 100vw, 1000px\" \/><\/a><\/figure><div class=\"elementor-image-box-content\"><h3 class=\"elementor-image-box-title\"><a href=\"https:\/\/woodsense.ro\/ro\/bejarati-ajtok\/\">U\u0219i de intrare<\/a><\/h3><\/div><\/div>\t\t<\/div>\n\t\t\t\t<\/div>\n\t\t\t\t<div class=\"elementor-element elementor-element-013e4c1 termek elementor-position-top elementor-widget elementor-widget-image-box\" data-id=\"013e4c1\" data-element_type=\"widget\" data-widget_type=\"image-box.default\">\n\t\t\t\t<div class=\"elementor-widget-container\">\n\t\t\t<div class=\"elementor-image-box-wrapper\"><figure class=\"elementor-image-box-img\"><a href=\"https:\/\/woodsense.ro\/ro\/belteri-ajtok\/\" tabindex=\"-1\"><img loading=\"lazy\" decoding=\"async\" width=\"1000\" height=\"800\" src=\"https:\/\/woodsense.ro\/wp-content\/uploads\/usi-interior.jpg\" class=\"attachment-full size-full wp-image-1616\" alt=\"\" srcset=\"https:\/\/woodsense.ro\/wp-content\/uploads\/usi-interior.jpg 1000w, https:\/\/woodsense.ro\/wp-content\/uploads\/usi-interior-500x400.jpg 500w, https:\/\/woodsense.ro\/wp-content\/uploads\/usi-interior-300x240.jpg 300w, https:\/\/woodsense.ro\/wp-content\/uploads\/usi-interior-768x614.jpg 768w, https:\/\/woodsense.ro\/wp-content\/uploads\/usi-interior-15x12.jpg 15w, https:\/\/woodsense.ro\/wp-content\/uploads\/usi-interior-94x75.jpg 94w, https:\/\/woodsense.ro\/wp-content\/uploads\/usi-interior-480x384.jpg 480w\" sizes=\"(max-width:767px) 480px, (max-width:1000px) 100vw, 1000px\" \/><\/a><\/figure><div class=\"elementor-image-box-content\"><h3 class=\"elementor-image-box-title\"><a href=\"https:\/\/woodsense.ro\/ro\/belteri-ajtok\/\">U\u0219i interior<\/a><\/h3><\/div><\/div>\t\t<\/div>\n\t\t\t\t<\/div>\n\t\t\t\t<div class=\"elementor-element elementor-element-ab01098 termek elementor-position-top elementor-widget elementor-widget-image-box\" data-id=\"ab01098\" data-element_type=\"widget\" data-widget_type=\"image-box.default\">\n\t\t\t\t<div class=\"elementor-widget-container\">\n\t\t\t<div class=\"elementor-image-box-wrapper\"><figure class=\"elementor-image-box-img\"><a href=\"https:\/\/woodsense.ro\/ro\/erkelyajto\/\" tabindex=\"-1\"><img loading=\"lazy\" decoding=\"async\" width=\"1000\" height=\"800\" src=\"https:\/\/woodsense.ro\/wp-content\/uploads\/usa-de-balcon-tip-armonica.jpg\" class=\"attachment-full size-full wp-image-1642\" alt=\"\" srcset=\"https:\/\/woodsense.ro\/wp-content\/uploads\/usa-de-balcon-tip-armonica.jpg 1000w, https:\/\/woodsense.ro\/wp-content\/uploads\/usa-de-balcon-tip-armonica-500x400.jpg 500w, https:\/\/woodsense.ro\/wp-content\/uploads\/usa-de-balcon-tip-armonica-300x240.jpg 300w, https:\/\/woodsense.ro\/wp-content\/uploads\/usa-de-balcon-tip-armonica-768x614.jpg 768w, https:\/\/woodsense.ro\/wp-content\/uploads\/usa-de-balcon-tip-armonica-15x12.jpg 15w, https:\/\/woodsense.ro\/wp-content\/uploads\/usa-de-balcon-tip-armonica-94x75.jpg 94w, https:\/\/woodsense.ro\/wp-content\/uploads\/usa-de-balcon-tip-armonica-480x384.jpg 480w\" sizes=\"(max-width:767px) 480px, (max-width:1000px) 100vw, 1000px\" \/><\/a><\/figure><div class=\"elementor-image-box-content\"><h3 class=\"elementor-image-box-title\"><a href=\"https:\/\/woodsense.ro\/ro\/erkelyajto\/\">U\u0219i de balcon<\/a><\/h3><\/div><\/div>\t\t<\/div>\n\t\t\t\t<\/div>\n\t\t\t\t<div class=\"elementor-element elementor-element-d33f854 termek elementor-position-top elementor-widget elementor-widget-image-box\" data-id=\"d33f854\" data-element_type=\"widget\" data-widget_type=\"image-box.default\">\n\t\t\t\t<div class=\"elementor-widget-container\">\n\t\t\t<div class=\"elementor-image-box-wrapper\"><figure class=\"elementor-image-box-img\"><a href=\"https:\/\/woodsense.ro\/ro\/butorok\/\" tabindex=\"-1\"><img loading=\"lazy\" decoding=\"async\" width=\"1000\" height=\"800\" src=\"https:\/\/woodsense.ro\/wp-content\/uploads\/mobilier.jpg\" class=\"attachment-full size-full wp-image-1644\" alt=\"\" srcset=\"https:\/\/woodsense.ro\/wp-content\/uploads\/mobilier.jpg 1000w, https:\/\/woodsense.ro\/wp-content\/uploads\/mobilier-500x400.jpg 500w, https:\/\/woodsense.ro\/wp-content\/uploads\/mobilier-300x240.jpg 300w, https:\/\/woodsense.ro\/wp-content\/uploads\/mobilier-768x614.jpg 768w, https:\/\/woodsense.ro\/wp-content\/uploads\/mobilier-15x12.jpg 15w, https:\/\/woodsense.ro\/wp-content\/uploads\/mobilier-94x75.jpg 94w, https:\/\/woodsense.ro\/wp-content\/uploads\/mobilier-480x384.jpg 480w\" sizes=\"(max-width:767px) 480px, (max-width:1000px) 100vw, 1000px\" \/><\/a><\/figure><div class=\"elementor-image-box-content\"><h3 class=\"elementor-image-box-title\"><a href=\"https:\/\/woodsense.ro\/ro\/butorok\/\">Mobilier<\/a><\/h3><\/div><\/div>\t\t<\/div>\n\t\t\t\t<\/div>\n\t\t\t\t<div class=\"elementor-element elementor-element-80e4257 termek elementor-position-top elementor-widget elementor-widget-image-box\" data-id=\"80e4257\" data-element_type=\"widget\" data-widget_type=\"image-box.default\">\n\t\t\t\t<div class=\"elementor-widget-container\">\n\t\t\t<div class=\"elementor-image-box-wrapper\"><figure class=\"elementor-image-box-img\"><a href=\"https:\/\/woodsense.ro\/ro\/fa-lepcsok-es-burkolatok\/\" tabindex=\"-1\"><img loading=\"lazy\" decoding=\"async\" width=\"1000\" height=\"800\" src=\"https:\/\/woodsense.ro\/wp-content\/uploads\/scari-si-placari-din-lemn.jpg\" class=\"attachment-full size-full wp-image-1643\" alt=\"\" srcset=\"https:\/\/woodsense.ro\/wp-content\/uploads\/scari-si-placari-din-lemn.jpg 1000w, https:\/\/woodsense.ro\/wp-content\/uploads\/scari-si-placari-din-lemn-500x400.jpg 500w, https:\/\/woodsense.ro\/wp-content\/uploads\/scari-si-placari-din-lemn-300x240.jpg 300w, https:\/\/woodsense.ro\/wp-content\/uploads\/scari-si-placari-din-lemn-768x614.jpg 768w, https:\/\/woodsense.ro\/wp-content\/uploads\/scari-si-placari-din-lemn-15x12.jpg 15w, https:\/\/woodsense.ro\/wp-content\/uploads\/scari-si-placari-din-lemn-94x75.jpg 94w, https:\/\/woodsense.ro\/wp-content\/uploads\/scari-si-placari-din-lemn-480x384.jpg 480w\" sizes=\"(max-width:767px) 480px, (max-width:1000px) 100vw, 1000px\" \/><\/a><\/figure><div class=\"elementor-image-box-content\"><h3 class=\"elementor-image-box-title\"><a href=\"https:\/\/woodsense.ro\/ro\/fa-lepcsok-es-burkolatok\/\">Sc\u0103ri \u0219i plac\u0103ri din lemn<\/a><\/h3><\/div><\/div>\t\t<\/div>\n\t\t\t\t<\/div>\n\t\t\t\t<div class=\"elementor-element elementor-element-dd8e501 termek elementor-position-top elementor-widget elementor-widget-image-box\" data-id=\"dd8e501\" data-element_type=\"widget\" data-widget_type=\"image-box.default\">\n\t\t\t\t<div class=\"elementor-widget-container\">\n\t\t\t<div class=\"elementor-image-box-wrapper\"><figure class=\"elementor-image-box-img\"><a href=\"https:\/\/woodsense.ro\/ro\/echipamente-sportive\/\" tabindex=\"-1\"><img loading=\"lazy\" decoding=\"async\" width=\"1000\" height=\"800\" src=\"https:\/\/woodsense.ro\/wp-content\/uploads\/functionalitatea-se-inbina-cu-estetica.jpg\" class=\"attachment-full size-full wp-image-1651\" alt=\"\" srcset=\"https:\/\/woodsense.ro\/wp-content\/uploads\/functionalitatea-se-inbina-cu-estetica.jpg 1000w, https:\/\/woodsense.ro\/wp-content\/uploads\/functionalitatea-se-inbina-cu-estetica-500x400.jpg 500w, https:\/\/woodsense.ro\/wp-content\/uploads\/functionalitatea-se-inbina-cu-estetica-300x240.jpg 300w, https:\/\/woodsense.ro\/wp-content\/uploads\/functionalitatea-se-inbina-cu-estetica-768x614.jpg 768w, https:\/\/woodsense.ro\/wp-content\/uploads\/functionalitatea-se-inbina-cu-estetica-15x12.jpg 15w, https:\/\/woodsense.ro\/wp-content\/uploads\/functionalitatea-se-inbina-cu-estetica-94x75.jpg 94w, https:\/\/woodsense.ro\/wp-content\/uploads\/functionalitatea-se-inbina-cu-estetica-480x384.jpg 480w\" sizes=\"(max-width:767px) 480px, (max-width:1000px) 100vw, 1000px\" \/><\/a><\/figure><div class=\"elementor-image-box-content\"><h3 class=\"elementor-image-box-title\"><a href=\"https:\/\/woodsense.ro\/ro\/echipamente-sportive\/\">Echipamente sportive<\/a><\/h3><\/div><\/div>\t\t<\/div>\n\t\t\t\t<\/div>\n\t\t\t\t\t<\/div>\n\t\t\t\t<\/div>\n\t\t\t\t<\/div>","protected":false},"excerpt":{"rendered":"<p>Ablakok Obloane din lemn Bej\u00e1rati ajt\u00f3k Belt\u00e9ri ajt\u00f3k Erk\u00e9lyajt\u00f3 B\u00fatorok Fa l\u00e9pcs\u0151k \u00e9s burkolatok Sportfelszerel\u00e9sek<\/p>","protected":false},"author":1,"featured_media":0,"parent":0,"menu_order":0,"comment_status":"closed","ping_status":"closed","template":"elementor_header_footer","meta":{"footnotes":""},"class_list":["post-1602","page","type-page","status-publish","hentry"],"_links":{"self":[{"href":"https:\/\/woodsense.ro\/ro\/wp-json\/wp\/v2\/pages\/1602","targetHints":{"allow":["GET"]}}],"collection":[{"href":"https:\/\/woodsense.ro\/ro\/wp-json\/wp\/v2\/pages"}],"about":[{"href":"https:\/\/woodsense.ro\/ro\/wp-json\/wp\/v2\/types\/page"}],"author":[{"embeddable":true,"href":"https:\/\/woodsense.ro\/ro\/wp-json\/wp\/v2\/users\/1"}],"replies":[{"embeddable":true,"href":"https:\/\/woodsense.ro\/ro\/wp-json\/wp\/v2\/comments?post=1602"}],"version-history":[{"count":142,"href":"https:\/\/woodsense.ro\/ro\/wp-json\/wp\/v2\/pages\/1602\/revisions"}],"predecessor-version":[{"id":2933,"href":"https:\/\/woodsense.ro\/ro\/wp-json\/wp\/v2\/pages\/1602\/revisions\/2933"}],"wp:attachment":[{"href":"https:\/\/woodsense.ro\/ro\/wp-json\/wp\/v2\/media?parent=1602"}],"curies":[{"name":"wp","href":"https:\/\/api.w.org\/{rel}","templated":true}]}}