{"id":15,"date":"2020-03-30T08:16:34","date_gmt":"2020-03-30T05:16:34","guid":{"rendered":"https:\/\/themes.muffingroup.com\/be\/mining2\/?page_id=15"},"modified":"2024-01-10T07:44:06","modified_gmt":"2024-01-10T05:44:06","slug":"szolgaltatasaink","status":"publish","type":"page","link":"https:\/\/woodsense.ro\/ro\/szolgaltatasaink\/","title":{"rendered":"Serviciile noastre"},"content":{"rendered":"<div data-elementor-type=\"wp-page\" data-elementor-id=\"15\" class=\"elementor elementor-15\" data-elementor-post-type=\"page\">\n\t\t\t\t\t\t<section class=\"elementor-section elementor-top-section elementor-element elementor-element-d197cb6 elementor-section-stretched elementor-section-boxed elementor-section-height-default elementor-section-height-default\" data-id=\"d197cb6\" data-element_type=\"section\" data-settings=\"{&quot;stretch_section&quot;:&quot;section-stretched&quot;}\">\n\t\t\t\t\t\t<div class=\"elementor-container elementor-column-gap-wider\">\n\t\t\t\t\t<div class=\"elementor-column elementor-col-100 elementor-top-column elementor-element elementor-element-f4e4059\" data-id=\"f4e4059\" data-element_type=\"column\">\n\t\t\t<div class=\"elementor-widget-wrap elementor-element-populated\">\n\t\t\t\t\t\t<section class=\"elementor-section elementor-inner-section elementor-element elementor-element-bfc13f3 elementor-section-content-middle elementor-reverse-mobile elementor-section-boxed elementor-section-height-default elementor-section-height-default\" data-id=\"bfc13f3\" data-element_type=\"section\">\n\t\t\t\t\t\t<div class=\"elementor-container elementor-column-gap-default\">\n\t\t\t\t\t<div class=\"elementor-column elementor-col-50 elementor-inner-column elementor-element elementor-element-3ac9ece\" data-id=\"3ac9ece\" data-element_type=\"column\">\n\t\t\t<div class=\"elementor-widget-wrap elementor-element-populated\">\n\t\t\t\t\t\t<div class=\"elementor-element elementor-element-4c82d68 elementor-widget elementor-widget-image\" data-id=\"4c82d68\" data-element_type=\"widget\" data-widget_type=\"image.default\">\n\t\t\t\t<div class=\"elementor-widget-container\">\n\t\t\t<style>\/*! elementor - v3.20.0 - 13-03-2024 *\/\n.elementor-widget-image{text-align:center}.elementor-widget-image a{display:inline-block}.elementor-widget-image a img[src$=\".svg\"]{width:48px}.elementor-widget-image img{vertical-align:middle;display:inline-block}<\/style>\t\t\t\t\t\t\t\t\t\t<img fetchpriority=\"high\" decoding=\"async\" width=\"800\" height=\"1000\" src=\"https:\/\/woodsense.ro\/wp-content\/uploads\/woodsense_helyszini_felmeres.webp\" class=\"attachment-full size-full wp-image-3219\" alt=\"\" srcset=\"https:\/\/woodsense.ro\/wp-content\/uploads\/woodsense_helyszini_felmeres.webp 800w, https:\/\/woodsense.ro\/wp-content\/uploads\/woodsense_helyszini_felmeres-400x500.webp 400w, https:\/\/woodsense.ro\/wp-content\/uploads\/woodsense_helyszini_felmeres-240x300.webp 240w, https:\/\/woodsense.ro\/wp-content\/uploads\/woodsense_helyszini_felmeres-768x960.webp 768w, https:\/\/woodsense.ro\/wp-content\/uploads\/woodsense_helyszini_felmeres-10x12.webp 10w, https:\/\/woodsense.ro\/wp-content\/uploads\/woodsense_helyszini_felmeres-60x75.webp 60w, https:\/\/woodsense.ro\/wp-content\/uploads\/woodsense_helyszini_felmeres-480x600.webp 480w\" sizes=\"(max-width:767px) 480px, (max-width:800px) 100vw, 800px\" \/>\t\t\t\t\t\t\t\t\t\t\t\t\t<\/div>\n\t\t\t\t<\/div>\n\t\t\t\t\t<\/div>\n\t\t<\/div>\n\t\t\t\t<div class=\"elementor-column elementor-col-50 elementor-inner-column elementor-element elementor-element-31c4eb6\" data-id=\"31c4eb6\" data-element_type=\"column\">\n\t\t\t<div class=\"elementor-widget-wrap elementor-element-populated\">\n\t\t\t\t\t\t<div class=\"elementor-element elementor-element-8756887 elementor-widget elementor-widget-text-editor\" data-id=\"8756887\" data-element_type=\"widget\" data-widget_type=\"text-editor.default\">\n\t\t\t\t<div class=\"elementor-widget-container\">\n\t\t\t<style>\/*! elementor - v3.20.0 - 13-03-2024 *\/\n.elementor-widget-text-editor.elementor-drop-cap-view-stacked .elementor-drop-cap{background-color:#69727d;color:#fff}.elementor-widget-text-editor.elementor-drop-cap-view-framed .elementor-drop-cap{color:#69727d;border:3px solid;background-color:transparent}.elementor-widget-text-editor:not(.elementor-drop-cap-view-default) .elementor-drop-cap{margin-top:8px}.elementor-widget-text-editor:not(.elementor-drop-cap-view-default) .elementor-drop-cap-letter{width:1em;height:1em}.elementor-widget-text-editor .elementor-drop-cap{float:left;text-align:center;line-height:1;font-size:50px}.elementor-widget-text-editor .elementor-drop-cap-letter{display:inline-block}<\/style>\t\t\t\t<h3>Woodsense<\/h3><p>Oferim servicii complete, inclusiv evaluarea locului, colectarea exact\u0103 a datelor, procesul de proiectare, livrarea \u0219i montajul elementelor. Las\u0103 totul pe seama noastr\u0103, tu doar bucur\u0103-te de rezultatul final!<\/p><p>Dup\u0103 consultarea cu clien\u021bii no\u0219tri, vom preg\u0103ti o ofert\u0103 de pre\u021b detaliat\u0103. Scopul nostru este acela de a identifica \u0219i de a rezuma toate costurile posibile ale procesului de proiectare \u0219i execu\u021bie. Facem toate acestea pentru a le oferi clien\u021bilor no\u0219tri o imagine c\u00e2t mai clar\u0103 a costurilor aferente.<\/p><p>Motto-ul echipei noastre: \"O treab\u0103 bun\u0103 necesit\u0103 timp \u0219i materiale de calitate!\" Pentru noi este important ca clien\u021bii no\u0219tri s\u0103 fie mul\u021bumi\u021bi de produsele pe care le realiz\u0103m \u0219i le mont\u0103m.<\/p><p>Oferim o garan\u021bie de 5 ani pentru toate produsele \u0219i manopera noastr\u0103!<\/p>\t\t\t\t\t\t<\/div>\n\t\t\t\t<\/div>\n\t\t\t\t<div class=\"elementor-element elementor-element-2900bb9 elementor-widget elementor-widget-button\" data-id=\"2900bb9\" data-element_type=\"widget\" data-widget_type=\"button.default\">\n\t\t\t\t<div class=\"elementor-widget-container\">\n\t\t\t\t\t<div class=\"elementor-button-wrapper\">\n\t\t\t<a class=\"elementor-button elementor-button-link elementor-size-sm\" href=\"https:\/\/woodsense.ro\/ro\/portofoliu-de-lucrari\/\">\n\t\t\t\t\t\t<span class=\"elementor-button-content-wrapper\">\n\t\t\t\t\t\t<span class=\"elementor-button-text\">Vezi galeria<\/span>\n\t\t<\/span>\n\t\t\t\t\t<\/a>\n\t\t<\/div>\n\t\t\t\t<\/div>\n\t\t\t\t<\/div>\n\t\t\t\t\t<\/div>\n\t\t<\/div>\n\t\t\t\t\t<\/div>\n\t\t<\/section>\n\t\t\t\t<section class=\"elementor-section elementor-inner-section elementor-element elementor-element-2694165 elementor-section-boxed elementor-section-height-default elementor-section-height-default\" data-id=\"2694165\" data-element_type=\"section\" data-settings=\"{&quot;background_background&quot;:&quot;classic&quot;}\">\n\t\t\t\t\t\t<div class=\"elementor-container elementor-column-gap-default\">\n\t\t\t\t\t<div class=\"elementor-column elementor-col-100 elementor-inner-column elementor-element elementor-element-c3cf7c6\" data-id=\"c3cf7c6\" data-element_type=\"column\">\n\t\t\t<div class=\"elementor-widget-wrap elementor-element-populated\">\n\t\t\t\t\t\t<div class=\"elementor-element elementor-element-b6f2b17 elementor-widget elementor-widget-text-editor\" data-id=\"b6f2b17\" data-element_type=\"widget\" data-widget_type=\"text-editor.default\">\n\t\t\t\t<div class=\"elementor-widget-container\">\n\t\t\t\t\t\t\t<p>Fiind o afacere de familie, este important pentru noi s\u0103 lucr\u0103m cu calitate \u0219i aten\u021bie pentru a crea produse durabile, clasice sau moderne, pentru clien\u021bii no\u0219tri.<\/p>\t\t\t\t\t\t<\/div>\n\t\t\t\t<\/div>\n\t\t\t\t\t<\/div>\n\t\t<\/div>\n\t\t\t\t\t<\/div>\n\t\t<\/section>\n\t\t\t\t<section class=\"elementor-section elementor-inner-section elementor-element elementor-element-c2435a4 elementor-section-boxed elementor-section-height-default elementor-section-height-default\" data-id=\"c2435a4\" data-element_type=\"section\" data-settings=\"{&quot;background_background&quot;:&quot;classic&quot;}\">\n\t\t\t\t\t\t<div class=\"elementor-container elementor-column-gap-default\">\n\t\t\t\t\t<div class=\"elementor-column elementor-col-33 elementor-inner-column elementor-element elementor-element-6a96985\" data-id=\"6a96985\" data-element_type=\"column\">\n\t\t\t<div class=\"elementor-widget-wrap elementor-element-populated\">\n\t\t\t\t\t\t<div class=\"elementor-element elementor-element-0d06210 elementor-widget elementor-widget-image\" data-id=\"0d06210\" data-element_type=\"widget\" data-widget_type=\"image.default\">\n\t\t\t\t<div class=\"elementor-widget-container\">\n\t\t\t\t\t\t\t\t\t\t\t\t\t<img decoding=\"async\" src=\"https:\/\/woodsense.ro\/wp-content\/uploads\/2020\/03\/mining2-offer-icon1.png\" class=\"attachment-large size-large wp-image-36\" alt=\"\" \/>\t\t\t\t\t\t\t\t\t\t\t\t\t<\/div>\n\t\t\t\t<\/div>\n\t\t\t\t<div class=\"elementor-element elementor-element-90493dc elementor-widget elementor-widget-text-editor\" data-id=\"90493dc\" data-element_type=\"widget\" data-widget_type=\"text-editor.default\">\n\t\t\t\t<div class=\"elementor-widget-container\">\n\t\t\t\t\t\t\t<h3><strong>Montaj profesional<\/strong><\/h3><p>Dup\u0103 comand\u0103 \u0219i produc\u021bie, montajul profesional este realizat de c\u0103tre personalul nostru \u00eenalt calificat, \u00een cel mai scurt timp posibil.<\/p>\t\t\t\t\t\t<\/div>\n\t\t\t\t<\/div>\n\t\t\t\t\t<\/div>\n\t\t<\/div>\n\t\t\t\t<div class=\"elementor-column elementor-col-33 elementor-inner-column elementor-element elementor-element-a044e44\" data-id=\"a044e44\" data-element_type=\"column\">\n\t\t\t<div class=\"elementor-widget-wrap elementor-element-populated\">\n\t\t\t\t\t\t<div class=\"elementor-element elementor-element-2b04ee9 elementor-widget elementor-widget-image\" data-id=\"2b04ee9\" data-element_type=\"widget\" data-widget_type=\"image.default\">\n\t\t\t\t<div class=\"elementor-widget-container\">\n\t\t\t\t\t\t\t\t\t\t\t\t\t<img decoding=\"async\" src=\"https:\/\/woodsense.ro\/wp-content\/uploads\/2020\/03\/mining2-offer-icon4.png\" class=\"attachment-large size-large wp-image-39\" alt=\"\" \/>\t\t\t\t\t\t\t\t\t\t\t\t\t<\/div>\n\t\t\t\t<\/div>\n\t\t\t\t<div class=\"elementor-element elementor-element-e5e72a6 elementor-widget elementor-widget-text-editor\" data-id=\"e5e72a6\" data-element_type=\"widget\" data-widget_type=\"text-editor.default\">\n\t\t\t\t<div class=\"elementor-widget-container\">\n\t\t\t\t\t\t\t<h3><strong>Evaluarea locului<\/strong><\/h3><p>Ne vom deplasa la fa\u021ba locului \u0219i vom efectua o evaluare pentru ob\u021binerea unei imagini precise \u00eenainte de \u00eenceperea produc\u021biei.<br \/>Pentru a asigura un rezultat final perfect, examin\u0103m toate circumstan\u021bele \u0219i colabor\u0103m cu clientul pentru a \u00eentocmi un program de execu\u021bie precis.<\/p>\t\t\t\t\t\t<\/div>\n\t\t\t\t<\/div>\n\t\t\t\t\t<\/div>\n\t\t<\/div>\n\t\t\t\t<div class=\"elementor-column elementor-col-33 elementor-inner-column elementor-element elementor-element-ecbdb8a\" data-id=\"ecbdb8a\" data-element_type=\"column\">\n\t\t\t<div class=\"elementor-widget-wrap elementor-element-populated\">\n\t\t\t\t\t\t<div class=\"elementor-element elementor-element-7ee88f4 elementor-widget elementor-widget-image\" data-id=\"7ee88f4\" data-element_type=\"widget\" data-widget_type=\"image.default\">\n\t\t\t\t<div class=\"elementor-widget-container\">\n\t\t\t\t\t\t\t\t\t\t\t\t\t<img decoding=\"async\" src=\"https:\/\/woodsense.ro\/wp-content\/uploads\/2020\/03\/mining2-offer-icon3.png\" class=\"attachment-large size-large wp-image-38\" alt=\"\" \/>\t\t\t\t\t\t\t\t\t\t\t\t\t<\/div>\n\t\t\t\t<\/div>\n\t\t\t\t<div class=\"elementor-element elementor-element-df4bfbc elementor-widget elementor-widget-text-editor\" data-id=\"df4bfbc\" data-element_type=\"widget\" data-widget_type=\"text-editor.default\">\n\t\t\t\t<div class=\"elementor-widget-container\">\n\t\t\t\t\t\t\t<h3><strong>Garan\u021bie<\/strong><\/h3>\n<p>Oferim o garan\u021bie de p\u00e2n\u0103 la 5 ani pentru produsele fabricate \u0219i distribuite de noi.<\/p>\t\t\t\t\t\t<\/div>\n\t\t\t\t<\/div>\n\t\t\t\t\t<\/div>\n\t\t<\/div>\n\t\t\t\t\t<\/div>\n\t\t<\/section>\n\t\t\t\t\t<\/div>\n\t\t<\/div>\n\t\t\t\t\t<\/div>\n\t\t<\/section>\n\t\t\t\t<\/div>","protected":false},"excerpt":{"rendered":"<p>Woodsense Teljesk\u00f6r\u0171 szolg\u00e1ltat\u00e1st aj\u00e1nlunk, ami mag\u00e1ba foglalja a helysz\u00edn felm\u00e9r\u00e9s\u00e9t, a pontos adatok begy\u0171jt\u00e9s\u00e9t, a tervez\u00e9si folyamatot, a sz\u00e1ll\u00edt\u00e1st \u00e9s az elemek beszerel\u00e9s\u00e9t. B\u00edzd r\u00e1nk magad,<span class=\"excerpt-hellip\"> [\u2026]<\/span><\/p>","protected":false},"author":1,"featured_media":0,"parent":0,"menu_order":0,"comment_status":"open","ping_status":"closed","template":"","meta":{"footnotes":""},"class_list":["post-15","page","type-page","status-publish","hentry"],"_links":{"self":[{"href":"https:\/\/woodsense.ro\/ro\/wp-json\/wp\/v2\/pages\/15","targetHints":{"allow":["GET"]}}],"collection":[{"href":"https:\/\/woodsense.ro\/ro\/wp-json\/wp\/v2\/pages"}],"about":[{"href":"https:\/\/woodsense.ro\/ro\/wp-json\/wp\/v2\/types\/page"}],"author":[{"embeddable":true,"href":"https:\/\/woodsense.ro\/ro\/wp-json\/wp\/v2\/users\/1"}],"replies":[{"embeddable":true,"href":"https:\/\/woodsense.ro\/ro\/wp-json\/wp\/v2\/comments?post=15"}],"version-history":[{"count":69,"href":"https:\/\/woodsense.ro\/ro\/wp-json\/wp\/v2\/pages\/15\/revisions"}],"predecessor-version":[{"id":3252,"href":"https:\/\/woodsense.ro\/ro\/wp-json\/wp\/v2\/pages\/15\/revisions\/3252"}],"wp:attachment":[{"href":"https:\/\/woodsense.ro\/ro\/wp-json\/wp\/v2\/media?parent=15"}],"curies":[{"name":"wp","href":"https:\/\/api.w.org\/{rel}","templated":true}]}}